{"id":5232,"date":"2022-06-09T19:38:06","date_gmt":"2022-06-09T17:38:06","guid":{"rendered":"https:\/\/mallorquad.com\/conditions-generales-de-vente\/"},"modified":"2024-11-26T05:57:34","modified_gmt":"2024-11-26T04:57:34","slug":"conditions-generales-de-vente","status":"publish","type":"page","link":"https:\/\/mallorquad.com\/fr\/conditions-generales-de-vente\/","title":{"rendered":"Conditions G\u00e9n\u00e9rales de Vente"},"content":{"rendered":"\t\t<div data-elementor-type=\"wp-page\" data-elementor-id=\"5232\" class=\"elementor elementor-5232 elementor-5016\" data-elementor-post-type=\"page\">\n\t\t\t\t<div class=\"elementor-element elementor-element-1eb860e e-con-full e-flex e-con e-parent\" data-id=\"1eb860e\" data-element_type=\"container\">\n\t\t\t\t<div class=\"elementor-element elementor-element-a035346 elementor-widget__width-inherit elementor-widget elementor-widget-image\" data-id=\"a035346\" data-element_type=\"widget\" data-widget_type=\"image.default\">\n\t\t\t\t<div class=\"elementor-widget-container\">\n\t\t\t\t\t\t\t\t\t\t\t\t\t\t\t<img fetchpriority=\"high\" decoding=\"async\" width=\"1920\" height=\"1281\" src=\"https:\/\/mallorquad.com\/wp-content\/uploads\/2023\/11\/Mallorquad-circuit-coucher-de-soleil-002.webp\" class=\"attachment-full size-full wp-image-19436\" alt=\"\" srcset=\"https:\/\/mallorquad.com\/wp-content\/uploads\/2023\/11\/Mallorquad-circuit-coucher-de-soleil-002.webp 1920w, https:\/\/mallorquad.com\/wp-content\/uploads\/2023\/11\/Mallorquad-circuit-coucher-de-soleil-002-300x200.webp 300w, https:\/\/mallorquad.com\/wp-content\/uploads\/2023\/11\/Mallorquad-circuit-coucher-de-soleil-002-1024x683.webp 1024w, https:\/\/mallorquad.com\/wp-content\/uploads\/2023\/11\/Mallorquad-circuit-coucher-de-soleil-002-768x512.webp 768w, https:\/\/mallorquad.com\/wp-content\/uploads\/2023\/11\/Mallorquad-circuit-coucher-de-soleil-002-1536x1025.webp 1536w\" sizes=\"(max-width: 1920px) 100vw, 1920px\" \/>\t\t\t\t\t\t\t\t\t\t\t\t\t\t\t<\/div>\n\t\t\t\t<\/div>\n\t\t\t\t<\/div>\n\t\t\t\t<section class=\"elementor-section elementor-top-section elementor-element elementor-element-d34f6dc elementor-section-height-min-height elementor-section-items-top elementor-section-full_width elementor-section-height-default\" data-id=\"d34f6dc\" data-element_type=\"section\" data-settings=\"{&quot;background_background&quot;:&quot;classic&quot;}\">\n\t\t\t\t\t\t<div class=\"elementor-container elementor-column-gap-default\">\n\t\t\t\t\t<div class=\"elementor-column elementor-col-100 elementor-top-column elementor-element elementor-element-4a5df45\" data-id=\"4a5df45\" data-element_type=\"column\">\n\t\t\t<div class=\"elementor-widget-wrap elementor-element-populated\">\n\t\t\t\t\t\t<div class=\"elementor-element elementor-element-47f8b3b s-txt elementor-widget elementor-widget-heading\" data-id=\"47f8b3b\" data-element_type=\"widget\" data-widget_type=\"heading.default\">\n\t\t\t\t<div class=\"elementor-widget-container\">\n\t\t\t\t\t<h2 class=\"elementor-heading-title elementor-size-default\"><span class=\"Duo-title-N\">Conditions<\/span><\/br>G\u00e9n\u00e9rales de Vente<\/h2>\t\t\t\t<\/div>\n\t\t\t\t<\/div>\n\t\t\t\t<div class=\"elementor-element elementor-element-239ba0c elementor-widget elementor-widget-text-editor\" data-id=\"239ba0c\" data-element_type=\"widget\" data-widget_type=\"text-editor.default\">\n\t\t\t\t<div class=\"elementor-widget-container\">\n\t\t\t\t\t\t\t\t\t<p><strong>1. CONDITIONS DE PARTICIPATION :<\/strong><\/p>\n<p>Avant de commencer l&rsquo;excursion, vous devrez certifier :<\/p>\n<p>\u00c2ge minimum : Les participants doivent avoir au moins 18 ans pour conduire un quad. Les passagers doivent avoir au moins 7 ans ou une taille minimale de 1,30 m.<br \/>Permis de conduire : Les conducteurs doivent \u00eatre titulaires d&rsquo;un permis de conduire valide pour les v\u00e9hicules \u00e0 moteur, qui doit \u00eatre pr\u00e9sent\u00e9 sur place.<br \/>V\u00eatements : Il est recommand\u00e9 de porter des chaussures ferm\u00e9es et des v\u00eatements adapt\u00e9s aux conditions climatiques.<br \/>Conditions physiques : Les participants doivent \u00eatre en bonne sant\u00e9 et ne pas avoir de contre-indications \u00e0 la pratique d&rsquo;activit\u00e9s physiques et sportives.<br \/>La participation des femmes enceintes \u00e0 nos activit\u00e9s n&rsquo;est pas autoris\u00e9e. De plus, les participants ne doivent pas \u00eatre sous l&rsquo;influence de l&rsquo;alcool, de drogues ou de toute autre substance pouvant affecter leur capacit\u00e9 \u00e0 participer en toute s\u00e9curit\u00e9.<\/p>\n<p><strong>2. MESURES DE S\u00c9CURIT\u00c9 :<\/strong><\/p>\n<p>En participant \u00e0 l&rsquo;excursion, vous acceptez :<br \/>&#8211; De suivre les instructions de l&rsquo;instructeur et de respecter les r\u00e8gles de prudence et de s\u00e9curit\u00e9,<br \/>&#8211; De respecter le code de la route et l&rsquo;environnement (autres usagers, animaux, riverains, etc.),<br \/>&#8211; De reconna\u00eetre que conduire un quad comporte des risques et d&rsquo;accepter les conditions qui en r\u00e9sultent : l&rsquo;instructeur n&rsquo;est pas responsable des accidents survenant en raison d&rsquo;un comportement individuel irresponsable. Tout manquement aux consignes de s\u00e9curit\u00e9 peut entra\u00eener l&rsquo;exclusion du participant sans remboursement du service.<\/p>\n<p><strong>3. R\u00e9servation et paiement :<\/strong><\/p>\n<p>&#8211; La r\u00e9servation des excursions en quad peut se faire en ligne, par t\u00e9l\u00e9phone ou en personne.<br \/>&#8211; Le paiement complet est requis au moment de la r\u00e9servation, sauf indication contraire.<br \/>&#8211; Les conditions de paiement accept\u00e9es sont sp\u00e9cifi\u00e9es lors de la r\u00e9servation.<\/p>\n<p>Tous les tarifs et prix mentionn\u00e9s sont soumis \u00e0 la disponibilit\u00e9 des produits ou services. Les prix sont sujets \u00e0 changement jusqu&rsquo;\u00e0 r\u00e9ception du paiement complet et \u00e9mission des bons correspondants.<\/p>\n<p>Les exp\u00e9riences propos\u00e9es sur ce site sont soumises \u00e0 disponibilit\u00e9 et peuvent \u00eatre retir\u00e9es sans pr\u00e9avis. La r\u00e9servation sera confirm\u00e9e uniquement apr\u00e8s r\u00e9ception du paiement complet.<\/p>\n<p><strong>4. Annulation et modification par le client :<\/strong><\/p>\n<p>Toute annulation ou modification de r\u00e9servation doit \u00eatre notifi\u00e9e au prestataire de services par \u00e9crit.<\/p>\n<p>Annulations\/modifications de votre excursion jusqu&rsquo;\u00e0 48 heures avant la date de d\u00e9part : remboursement int\u00e9gral.<br \/>Annulations de votre aventure jusqu&rsquo;\u00e0 24 heures avant la date de d\u00e9part : remboursement de 50%.<br \/>Annulations apr\u00e8s 24 heures avant le d\u00e9part : aucun remboursement.<br \/>Frais de 5\u20ac pour toute annulation.<\/p>\n<p><strong>MALLOR&rsquo;QUAD<\/strong> se r\u00e9serve le droit d&rsquo;annuler des excursions, de modifier les itin\u00e9raires ainsi que les jours d&rsquo;ouverture.<\/p>\n<p>Si une excursion est annul\u00e9e en raison des intemp\u00e9ries, d&rsquo;une panne m\u00e9canique, de conditions dangereuses ou de fermeture de route, nous vous proposerons de reprogrammer votre excursion \u00e0 une date ult\u00e9rieure sans frais suppl\u00e9mentaires.<br \/>Si cette alternative ne vous convient pas, un remboursement sera effectu\u00e9.<\/p>\n<p>Pour r\u00e9aliser cette excursion, un minimum de 2 quads est requis.<br \/>Si le nombre minimum de v\u00e9hicules n&rsquo;est pas atteint, il est possible que nous vous contactions 12 heures avant votre visite pour reprogrammer votre excursion.<\/p>\n<p>Veuillez noter qu&rsquo;aucun remboursement ne sera accord\u00e9 pour les excursions annul\u00e9es en raison d&rsquo;une fausse repr\u00e9sentation des capacit\u00e9s physiques et\/ou de la non-divulgation des conditions de sant\u00e9 existantes affectant votre capacit\u00e9 \u00e0 terminer l&rsquo;excursion.<\/p>\n<p>Si un client ne fournit pas ou refuse de r\u00e9pondre \u00e0 des questions sp\u00e9cifiques dans le questionnaire de MALLOR&rsquo;QUAD, nous nous r\u00e9servons le droit de refuser le service sans possibilit\u00e9 de remboursement. Ces questions incluent des informations essentielles telles que les d\u00e9tails du permis de conduire et les coordonn\u00e9es des participants.<\/p>\n<p>Le permis de conduire doit \u00eatre pr\u00e9sent\u00e9 sur place. En cas de non-pr\u00e9sentation, le participant ne pourra pas conduire le quad et aucun remboursement ne sera effectu\u00e9.<\/p>\n<p>MALLOR&rsquo;QUAD n&rsquo;accordera aucun remboursement pour des probl\u00e8mes li\u00e9s \u00e0 un comportement inappropri\u00e9 du client.<\/p>\n<p>Aucun remboursement ne sera effectu\u00e9 pour les activit\u00e9s non utilis\u00e9es.<\/p>\n<p>Aucun remboursement ne sera effectu\u00e9 en cas d&rsquo;impossibilit\u00e9 de terminer les activit\u00e9s une fois commenc\u00e9es.<\/p>\n<p>De plus, si le quad doit \u00eatre r\u00e9cup\u00e9r\u00e9 \u00e0 plus de 5 km de la base pour des raisons non justifi\u00e9es, des frais fixes de 50\u20ac seront appliqu\u00e9s.<\/p>\n<p><strong>5. Responsabilit\u00e9 :<\/strong><\/p>\n<p>&#8211; Le prestataire de services garantit la s\u00e9curit\u00e9 des participants pendant l&rsquo;excursion, mais n&rsquo;est pas responsable des accidents r\u00e9sultant d&rsquo;un comportement irresponsable ou du non-respect des instructions du guide.<br \/>&#8211; Le client est tenu de respecter les r\u00e8gles de conduite et les instructions de s\u00e9curit\u00e9 fournies par le guide.<\/p>\n<p><strong>6. Assurance :<\/strong><\/p>\n<p>&#8211; Le guide est couvert par une assurance responsabilit\u00e9 civile organisationnelle, avec l&rsquo;obligation de fournir les moyens n\u00e9cessaires, dans des conditions normales de circulation.<\/p>\n<p>Dans ces m\u00eames conditions, nos v\u00e9hicules sont assur\u00e9s pour les dommages corporels caus\u00e9s \u00e0 des tiers.<br \/>Cependant, toute violation des r\u00e8gles ou instructions donn\u00e9es par le guide annulera ces garanties.<\/p>\n<p>Dans ce cas, le conducteur sera enti\u00e8rement responsable. Il est recommand\u00e9 de souscrire une assurance responsabilit\u00e9 civile individuelle si vous n&rsquo;en avez pas d\u00e9j\u00e0 une, pour vous prot\u00e9ger en cas d&rsquo;accident.<\/p>\n<p><strong>7. \u00c9quipements et \u00e9quipements de protection\u00a0:<\/strong><\/p>\n<p>&#8211; Le prestataire fournit le mat\u00e9riel n\u00e9cessaire \u00e0 l&rsquo;excursion en quad, y compris le casque.<br \/>&#8211; Le client est responsable de la bonne utilisation du mat\u00e9riel fourni et pourra \u00eatre tenu responsable des dommages qui lui seraient caus\u00e9s en cas de n\u00e9gligence ou d&rsquo;abus.<\/p>\n<p>Tout dommage mat\u00e9riel r\u00e9sultant du non-respect des consignes de s\u00e9curit\u00e9 fera l&rsquo;objet de frais de r\u00e9paration.<br \/> Le conducteur sera charg\u00e9 de prendre en charge les frais de r\u00e9paration des dommages caus\u00e9s au mat\u00e9riel, conform\u00e9ment aux tarifs en vigueur, auxquels s&rsquo;ajoutent les frais de main d&rsquo;\u0153uvre, avec une franchise maximale de 1 500 euros.<\/p>\n<p><strong>8. Confidentialit\u00e9\u00a0:<\/strong><\/p>\n<p>Les informations personnelles fournies par le client dans le cadre de la r\u00e9servation seront trait\u00e9es conform\u00e9ment \u00e0 la politique de confidentialit\u00e9 du prestataire.<\/p>\n<p>Lors de la r\u00e9servation d&rsquo;une excursion en quad avec le service prestataire, le client reconna\u00eet avoir lu, compris et accept\u00e9 les pr\u00e9sentes conditions g\u00e9n\u00e9rales de vente.<\/p>\n\t\t\t\t\t\t\t\t<\/div>\n\t\t\t\t<\/div>\n\t\t\t\t\t<\/div>\n\t\t<\/div>\n\t\t\t\t\t<\/div>\n\t\t<\/section>\n\t\t\t\t<\/div>\n\t\t","protected":false},"excerpt":{"rendered":"<p>ConditionsG\u00e9n\u00e9rales de Vente 1. CONDITIONS DE PARTICIPATION : Avant de commencer l&rsquo;excursion, vous devrez certifier : \u00c2ge minimum : Les participants doivent avoir au moins 18 ans pour conduire un quad. Les passagers doivent avoir au moins 7 ans ou une taille minimale de 1,30 m.Permis de conduire : Les conducteurs doivent \u00eatre titulaires d&rsquo;un [&hellip;]<\/p>\n","protected":false},"author":1,"featured_media":0,"parent":0,"menu_order":0,"comment_status":"closed","ping_status":"closed","template":"","meta":{"footnotes":""},"tags":[124],"class_list":["post-5232","page","type-page","status-publish","hentry","tag-header-dark-fr"],"yoast_head":"<!-- This site is optimized with the Yoast SEO plugin v26.2 - https:\/\/yoast.com\/wordpress\/plugins\/seo\/ -->\n<title>Conditions G\u00e9n\u00e9rales de Vente - Mallorquad<\/title>\n<meta name=\"robots\" content=\"index, follow, max-snippet:-1, max-image-preview:large, max-video-preview:-1\" \/>\n<link rel=\"canonical\" href=\"https:\/\/mallorquad.com\/fr\/conditions-generales-de-vente\/\" \/>\n<meta property=\"og:locale\" content=\"fr_FR\" \/>\n<meta property=\"og:type\" content=\"article\" \/>\n<meta property=\"og:title\" content=\"Conditions G\u00e9n\u00e9rales de Vente - Mallorquad\" \/>\n<meta property=\"og:description\" content=\"ConditionsG\u00e9n\u00e9rales de Vente 1. CONDITIONS DE PARTICIPATION : Avant de commencer l&rsquo;excursion, vous devrez certifier : \u00c2ge minimum : Les participants doivent avoir au moins 18 ans pour conduire un quad. Les passagers doivent avoir au moins 7 ans ou une taille minimale de 1,30 m.Permis de conduire : Les conducteurs doivent \u00eatre titulaires d&rsquo;un [&hellip;]\" \/>\n<meta property=\"og:url\" content=\"https:\/\/mallorquad.com\/fr\/conditions-generales-de-vente\/\" \/>\n<meta property=\"og:site_name\" content=\"Mallorquad\" \/>\n<meta property=\"article:modified_time\" content=\"2024-11-26T04:57:34+00:00\" \/>\n<meta property=\"og:image\" content=\"https:\/\/mallorquad.com\/wp-content\/uploads\/2023\/11\/Mallorquad-circuit-coucher-de-soleil-002.webp\" \/>\n\t<meta property=\"og:image:width\" content=\"1920\" \/>\n\t<meta property=\"og:image:height\" content=\"1281\" \/>\n\t<meta property=\"og:image:type\" content=\"image\/webp\" \/>\n<meta name=\"twitter:card\" content=\"summary_large_image\" \/>\n<meta name=\"twitter:label1\" content=\"Dur\u00e9e de lecture estim\u00e9e\" \/>\n\t<meta name=\"twitter:data1\" content=\"5 minutes\" \/>\n<script type=\"application\/ld+json\" class=\"yoast-schema-graph\">{\"@context\":\"https:\/\/schema.org\",\"@graph\":[{\"@type\":\"WebPage\",\"@id\":\"https:\/\/mallorquad.com\/fr\/conditions-generales-de-vente\/\",\"url\":\"https:\/\/mallorquad.com\/fr\/conditions-generales-de-vente\/\",\"name\":\"Conditions G\u00e9n\u00e9rales de Vente - Mallorquad\",\"isPartOf\":{\"@id\":\"https:\/\/mallorquad.com\/fr\/#website\"},\"primaryImageOfPage\":{\"@id\":\"https:\/\/mallorquad.com\/fr\/conditions-generales-de-vente\/#primaryimage\"},\"image\":{\"@id\":\"https:\/\/mallorquad.com\/fr\/conditions-generales-de-vente\/#primaryimage\"},\"thumbnailUrl\":\"https:\/\/mallorquad.com\/wp-content\/uploads\/2023\/11\/Mallorquad-circuit-coucher-de-soleil-002.webp\",\"datePublished\":\"2022-06-09T17:38:06+00:00\",\"dateModified\":\"2024-11-26T04:57:34+00:00\",\"breadcrumb\":{\"@id\":\"https:\/\/mallorquad.com\/fr\/conditions-generales-de-vente\/#breadcrumb\"},\"inLanguage\":\"fr-FR\",\"potentialAction\":[{\"@type\":\"ReadAction\",\"target\":[\"https:\/\/mallorquad.com\/fr\/conditions-generales-de-vente\/\"]}]},{\"@type\":\"ImageObject\",\"inLanguage\":\"fr-FR\",\"@id\":\"https:\/\/mallorquad.com\/fr\/conditions-generales-de-vente\/#primaryimage\",\"url\":\"https:\/\/mallorquad.com\/wp-content\/uploads\/2023\/11\/Mallorquad-circuit-coucher-de-soleil-002.webp\",\"contentUrl\":\"https:\/\/mallorquad.com\/wp-content\/uploads\/2023\/11\/Mallorquad-circuit-coucher-de-soleil-002.webp\"},{\"@type\":\"BreadcrumbList\",\"@id\":\"https:\/\/mallorquad.com\/fr\/conditions-generales-de-vente\/#breadcrumb\",\"itemListElement\":[{\"@type\":\"ListItem\",\"position\":1,\"name\":\"Home\",\"item\":\"https:\/\/mallorquad.com\/fr\/accueil\/\"},{\"@type\":\"ListItem\",\"position\":2,\"name\":\"Conditions G\u00e9n\u00e9rales de Vente\"}]},{\"@type\":\"WebSite\",\"@id\":\"https:\/\/mallorquad.com\/fr\/#website\",\"url\":\"https:\/\/mallorquad.com\/fr\/\",\"name\":\"Mallorquad\",\"description\":\"Location quad Mallorca\",\"potentialAction\":[{\"@type\":\"SearchAction\",\"target\":{\"@type\":\"EntryPoint\",\"urlTemplate\":\"https:\/\/mallorquad.com\/fr\/?s={search_term_string}\"},\"query-input\":{\"@type\":\"PropertyValueSpecification\",\"valueRequired\":true,\"valueName\":\"search_term_string\"}}],\"inLanguage\":\"fr-FR\"}]}<\/script>\n<!-- \/ Yoast SEO plugin. -->","yoast_head_json":{"title":"Conditions G\u00e9n\u00e9rales de Vente - Mallorquad","robots":{"index":"index","follow":"follow","max-snippet":"max-snippet:-1","max-image-preview":"max-image-preview:large","max-video-preview":"max-video-preview:-1"},"canonical":"https:\/\/mallorquad.com\/fr\/conditions-generales-de-vente\/","og_locale":"fr_FR","og_type":"article","og_title":"Conditions G\u00e9n\u00e9rales de Vente - Mallorquad","og_description":"ConditionsG\u00e9n\u00e9rales de Vente 1. CONDITIONS DE PARTICIPATION : Avant de commencer l&rsquo;excursion, vous devrez certifier : \u00c2ge minimum : Les participants doivent avoir au moins 18 ans pour conduire un quad. Les passagers doivent avoir au moins 7 ans ou une taille minimale de 1,30 m.Permis de conduire : Les conducteurs doivent \u00eatre titulaires d&rsquo;un [&hellip;]","og_url":"https:\/\/mallorquad.com\/fr\/conditions-generales-de-vente\/","og_site_name":"Mallorquad","article_modified_time":"2024-11-26T04:57:34+00:00","og_image":[{"width":1920,"height":1281,"url":"https:\/\/mallorquad.com\/wp-content\/uploads\/2023\/11\/Mallorquad-circuit-coucher-de-soleil-002.webp","type":"image\/webp"}],"twitter_card":"summary_large_image","twitter_misc":{"Dur\u00e9e de lecture estim\u00e9e":"5 minutes"},"schema":{"@context":"https:\/\/schema.org","@graph":[{"@type":"WebPage","@id":"https:\/\/mallorquad.com\/fr\/conditions-generales-de-vente\/","url":"https:\/\/mallorquad.com\/fr\/conditions-generales-de-vente\/","name":"Conditions G\u00e9n\u00e9rales de Vente - Mallorquad","isPartOf":{"@id":"https:\/\/mallorquad.com\/fr\/#website"},"primaryImageOfPage":{"@id":"https:\/\/mallorquad.com\/fr\/conditions-generales-de-vente\/#primaryimage"},"image":{"@id":"https:\/\/mallorquad.com\/fr\/conditions-generales-de-vente\/#primaryimage"},"thumbnailUrl":"https:\/\/mallorquad.com\/wp-content\/uploads\/2023\/11\/Mallorquad-circuit-coucher-de-soleil-002.webp","datePublished":"2022-06-09T17:38:06+00:00","dateModified":"2024-11-26T04:57:34+00:00","breadcrumb":{"@id":"https:\/\/mallorquad.com\/fr\/conditions-generales-de-vente\/#breadcrumb"},"inLanguage":"fr-FR","potentialAction":[{"@type":"ReadAction","target":["https:\/\/mallorquad.com\/fr\/conditions-generales-de-vente\/"]}]},{"@type":"ImageObject","inLanguage":"fr-FR","@id":"https:\/\/mallorquad.com\/fr\/conditions-generales-de-vente\/#primaryimage","url":"https:\/\/mallorquad.com\/wp-content\/uploads\/2023\/11\/Mallorquad-circuit-coucher-de-soleil-002.webp","contentUrl":"https:\/\/mallorquad.com\/wp-content\/uploads\/2023\/11\/Mallorquad-circuit-coucher-de-soleil-002.webp"},{"@type":"BreadcrumbList","@id":"https:\/\/mallorquad.com\/fr\/conditions-generales-de-vente\/#breadcrumb","itemListElement":[{"@type":"ListItem","position":1,"name":"Home","item":"https:\/\/mallorquad.com\/fr\/accueil\/"},{"@type":"ListItem","position":2,"name":"Conditions G\u00e9n\u00e9rales de Vente"}]},{"@type":"WebSite","@id":"https:\/\/mallorquad.com\/fr\/#website","url":"https:\/\/mallorquad.com\/fr\/","name":"Mallorquad","description":"Location quad Mallorca","potentialAction":[{"@type":"SearchAction","target":{"@type":"EntryPoint","urlTemplate":"https:\/\/mallorquad.com\/fr\/?s={search_term_string}"},"query-input":{"@type":"PropertyValueSpecification","valueRequired":true,"valueName":"search_term_string"}}],"inLanguage":"fr-FR"}]}},"_links":{"self":[{"href":"https:\/\/mallorquad.com\/fr\/wp-json\/wp\/v2\/pages\/5232","targetHints":{"allow":["GET"]}}],"collection":[{"href":"https:\/\/mallorquad.com\/fr\/wp-json\/wp\/v2\/pages"}],"about":[{"href":"https:\/\/mallorquad.com\/fr\/wp-json\/wp\/v2\/types\/page"}],"author":[{"embeddable":true,"href":"https:\/\/mallorquad.com\/fr\/wp-json\/wp\/v2\/users\/1"}],"replies":[{"embeddable":true,"href":"https:\/\/mallorquad.com\/fr\/wp-json\/wp\/v2\/comments?post=5232"}],"version-history":[{"count":1,"href":"https:\/\/mallorquad.com\/fr\/wp-json\/wp\/v2\/pages\/5232\/revisions"}],"predecessor-version":[{"id":26023,"href":"https:\/\/mallorquad.com\/fr\/wp-json\/wp\/v2\/pages\/5232\/revisions\/26023"}],"wp:attachment":[{"href":"https:\/\/mallorquad.com\/fr\/wp-json\/wp\/v2\/media?parent=5232"}],"wp:term":[{"taxonomy":"post_tag","embeddable":true,"href":"https:\/\/mallorquad.com\/fr\/wp-json\/wp\/v2\/tags?post=5232"}],"curies":[{"name":"wp","href":"https:\/\/api.w.org\/{rel}","templated":true}]}}