{"id":5220,"date":"2022-06-09T17:28:55","date_gmt":"2022-06-09T15:28:55","guid":{"rendered":"https:\/\/mallorquad.com\/mentions-legales\/"},"modified":"2024-11-26T05:57:12","modified_gmt":"2024-11-26T04:57:12","slug":"mentions-legales","status":"publish","type":"page","link":"https:\/\/mallorquad.com\/fr\/mentions-legales\/","title":{"rendered":"Mentions l\u00e9gales"},"content":{"rendered":"\t\t<div data-elementor-type=\"wp-page\" data-elementor-id=\"5220\" class=\"elementor elementor-5220 elementor-5010\" data-elementor-post-type=\"page\">\n\t\t\t\t<div class=\"elementor-element elementor-element-b5c6c7b e-con-full e-flex e-con e-parent\" data-id=\"b5c6c7b\" data-element_type=\"container\">\n\t\t\t\t<div class=\"elementor-element elementor-element-35385ae elementor-widget__width-inherit elementor-widget elementor-widget-image\" data-id=\"35385ae\" data-element_type=\"widget\" data-widget_type=\"image.default\">\n\t\t\t\t<div class=\"elementor-widget-container\">\n\t\t\t\t\t\t\t\t\t\t\t\t\t\t\t<img fetchpriority=\"high\" decoding=\"async\" width=\"1920\" height=\"1281\" src=\"https:\/\/mallorquad.com\/wp-content\/uploads\/2023\/11\/Mallorquad-circuit-coucher-de-soleil-002.webp\" class=\"attachment-full size-full wp-image-19436\" alt=\"\" srcset=\"https:\/\/mallorquad.com\/wp-content\/uploads\/2023\/11\/Mallorquad-circuit-coucher-de-soleil-002.webp 1920w, https:\/\/mallorquad.com\/wp-content\/uploads\/2023\/11\/Mallorquad-circuit-coucher-de-soleil-002-300x200.webp 300w, https:\/\/mallorquad.com\/wp-content\/uploads\/2023\/11\/Mallorquad-circuit-coucher-de-soleil-002-1024x683.webp 1024w, https:\/\/mallorquad.com\/wp-content\/uploads\/2023\/11\/Mallorquad-circuit-coucher-de-soleil-002-768x512.webp 768w, https:\/\/mallorquad.com\/wp-content\/uploads\/2023\/11\/Mallorquad-circuit-coucher-de-soleil-002-1536x1025.webp 1536w\" sizes=\"(max-width: 1920px) 100vw, 1920px\" \/>\t\t\t\t\t\t\t\t\t\t\t\t\t\t\t<\/div>\n\t\t\t\t<\/div>\n\t\t\t\t<\/div>\n\t\t\t\t<section class=\"elementor-section elementor-top-section elementor-element elementor-element-dc0e481 elementor-section-height-min-height elementor-section-items-top elementor-section-full_width elementor-section-height-default\" data-id=\"dc0e481\" data-element_type=\"section\" data-settings=\"{&quot;background_background&quot;:&quot;classic&quot;}\">\n\t\t\t\t\t\t<div class=\"elementor-container elementor-column-gap-default\">\n\t\t\t\t\t<div class=\"elementor-column elementor-col-100 elementor-top-column elementor-element elementor-element-e72c4a1\" data-id=\"e72c4a1\" data-element_type=\"column\">\n\t\t\t<div class=\"elementor-widget-wrap elementor-element-populated\">\n\t\t\t\t\t\t<div class=\"elementor-element elementor-element-bb9d966 s-txt elementor-widget elementor-widget-heading\" data-id=\"bb9d966\" data-element_type=\"widget\" data-widget_type=\"heading.default\">\n\t\t\t\t<div class=\"elementor-widget-container\">\n\t\t\t\t\t<h2 class=\"elementor-heading-title elementor-size-default\"><span class=\"Duo-title-N\">Mentions<\/span><\/br>l\u00e9gales<\/h2>\t\t\t\t<\/div>\n\t\t\t\t<\/div>\n\t\t\t\t<div class=\"elementor-element elementor-element-1567e42 elementor-widget elementor-widget-text-editor\" data-id=\"1567e42\" data-element_type=\"widget\" data-widget_type=\"text-editor.default\">\n\t\t\t\t<div class=\"elementor-widget-container\">\n\t\t\t\t\t\t\t\t\t<p class=\"p1\"><strong>1. Administrateur du site :<\/strong><\/p>\n<p class=\"p1\">QUALORMA SL &#8211; B16575185<\/p>\n<p class=\"p1\">C\/DINAMARCA 7, 07015 PALMA DE MALLORCA<\/p>\n<p class=\"p1\">+(34) 635.591.627<\/p>\n<p class=\"p1\">contact@mallorquad.com<\/p>\n<p><strong>2. H\u00e9bergement :<\/strong><\/p>\n<p>Le site est h\u00e9berg\u00e9 chez : HOSTINGER<br \/>\n61 Lordou Vironos Street 6023 Larnaca, Chypre<\/p>\n<p><strong>3. Propri\u00e9t\u00e9 intellectuelle :<\/strong><\/p>\n<p>Le contenu du site, y compris les textes, images, logos, vid\u00e9os, etc., est la propri\u00e9t\u00e9 de QUALORMA SL ou de ses fournisseurs de contenu et est prot\u00e9g\u00e9 par les lois sur la propri\u00e9t\u00e9 intellectuelle.<br \/>\nToute utilisation non autoris\u00e9e du contenu est interdite.<\/p>\n<p><strong>4. Utilisation des donn\u00e9es personnelles :<\/strong><\/p>\n<p>Les donn\u00e9es personnelles collect\u00e9es sur ce site sont trait\u00e9es conform\u00e9ment \u00e0 notre politique de confidentialit\u00e9.<\/p>\n<p>L&rsquo;utilisation du site https:\/\/mallorquad.com\/ implique l&rsquo;acceptation totale et inconditionnelle des conditions g\u00e9n\u00e9rales d&rsquo;utilisation d\u00e9crites ci-dessous. Ces conditions d&rsquo;utilisation sont susceptibles d&rsquo;\u00eatre modifi\u00e9es ou compl\u00e9t\u00e9es \u00e0 tout moment. Par cons\u00e9quent, les utilisateurs du site https:\/\/mallorquad.com\/ sont encourag\u00e9s \u00e0 les consulter p\u00e9riodiquement.<\/p>\n<p>Normalement, les utilisateurs peuvent acc\u00e9der \u00e0 ce site Web \u00e0 tout moment. Cependant, https:\/\/mallorquad.com\/ peut d\u00e9cider de l&rsquo;interrompre pour des raisons de maintenance technique. Dans ce cas, https:\/\/mallorquad.com\/ s&rsquo;efforcera de communiquer aux utilisateurs \u00e0 l&rsquo;avance les dates et heures de l&rsquo;intervention.<\/p>\n<p>Le site Web https:\/\/mallorquad.com\/ est r\u00e9guli\u00e8rement mis \u00e0 jour par https:\/\/mallorquad.com\/, l&rsquo;administrateur du site. De m\u00eame, les mentions l\u00e9gales peuvent \u00eatre modifi\u00e9es \u00e0 tout moment. Cependant, il est important de noter que ces modifications sont contraignantes pour l&rsquo;utilisateur, qui est invit\u00e9 \u00e0 consulter les mentions l\u00e9gales aussi fr\u00e9quemment que possible pour rester inform\u00e9 des \u00e9ventuelles modifications.<\/p>\n<p><strong>5. Description des services fournis :<\/strong><\/p>\n<p>Le site Web https:\/\/mallorquad.com\/ vise \u00e0 fournir des informations relatives \u00e0 toutes les activit\u00e9s de l&rsquo;entreprise.<\/p>\n<p>https:\/\/mallorquad.com\/ s&rsquo;engage \u00e0 fournir des informations aussi pr\u00e9cises que possible sur le site https:\/\/mallorquad.com\/. Cependant, il n&rsquo;est pas responsable des omissions, inexactitudes et lacunes dans la mise \u00e0 jour, que ce soit de son propre chef ou au nom de tiers partenaires fournissant ces informations.<\/p>\n<p>Toutes les informations pr\u00e9sent\u00e9es sur le site https:\/\/mallorquad.com\/ sont fournies \u00e0 titre informatif uniquement et sont susceptibles d&rsquo;\u00eatre modifi\u00e9es. De plus, les donn\u00e9es affich\u00e9es sur le site https:\/\/mallorquad.com\/ ne sont pas exhaustives et sont sujettes \u00e0 des modifications qui auraient pu \u00eatre apport\u00e9es depuis sa publication initiale.<\/p>\n<p><strong>6. Limitations contractuelles sur les donn\u00e9es techniques :<\/strong><\/p>\n<p>Le site utilise la technologie JavaScript.<\/p>\n<p>Le site Web d\u00e9cline toute responsabilit\u00e9 en cas de dommages mat\u00e9riels li\u00e9s \u00e0 l&rsquo;utilisation du site. De plus, l&rsquo;utilisateur s&rsquo;engage \u00e0 acc\u00e9der au site en utilisant un \u00e9quipement r\u00e9cent, exempt de virus et \u00e9quip\u00e9 d&rsquo;un navigateur de derni\u00e8re g\u00e9n\u00e9ration \u00e0 jour.<\/p>\n<p>Le site https:\/\/mallorquad.com\/ est h\u00e9berg\u00e9 par un fournisseur de services situ\u00e9 sur le territoire de l&rsquo;Union europ\u00e9enne, conform\u00e9ment aux dispositions du R\u00e8glement g\u00e9n\u00e9ral sur la protection des donn\u00e9es (RGPD : n\u00b0 2016-679).<\/p>\n<p>L&rsquo;objectif est de fournir un service garantissant le meilleur indice d&rsquo;accessibilit\u00e9. L&rsquo;h\u00f4te s&rsquo;engage \u00e0 maintenir la continuit\u00e9 de son service 24 heures sur 24, tous les jours de l&rsquo;ann\u00e9e. Cependant, il se r\u00e9serve le droit d&rsquo;interrompre le service d&rsquo;h\u00e9bergement pour des p\u00e9riodes aussi courtes que possible, notamment pour effectuer des op\u00e9rations de maintenance, am\u00e9liorer son infrastructure, r\u00e9soudre des d\u00e9faillances techniques ou en cas de trafic consid\u00e9r\u00e9 comme anormal.<\/p>\n<p>https:\/\/mallorquad.com\/ et l&rsquo;h\u00f4te ne sont pas responsables en cas de dysfonctionnement du r\u00e9seau Internet, des lignes t\u00e9l\u00e9phoniques ou des \u00e9quipements informatiques et t\u00e9l\u00e9phoniques, notamment en cas de congestion du r\u00e9seau emp\u00eachant l&rsquo;acc\u00e8s au serveur.<\/p>\n\t\t\t\t\t\t\t\t<\/div>\n\t\t\t\t<\/div>\n\t\t\t\t\t<\/div>\n\t\t<\/div>\n\t\t\t\t\t<\/div>\n\t\t<\/section>\n\t\t\t\t<\/div>\n\t\t","protected":false},"excerpt":{"rendered":"<p>Mentionsl\u00e9gales 1. Administrateur du site : QUALORMA SL &#8211; B16575185 C\/DINAMARCA 7, 07015 PALMA DE MALLORCA +(34) 635.591.627 contact@mallorquad.com 2. H\u00e9bergement : Le site est h\u00e9berg\u00e9 chez : HOSTINGER 61 Lordou Vironos Street 6023 Larnaca, Chypre 3. Propri\u00e9t\u00e9 intellectuelle : Le contenu du site, y compris les textes, images, logos, vid\u00e9os, etc., est la propri\u00e9t\u00e9 [&hellip;]<\/p>\n","protected":false},"author":1,"featured_media":0,"parent":0,"menu_order":0,"comment_status":"closed","ping_status":"closed","template":"","meta":{"footnotes":""},"tags":[124],"class_list":["post-5220","page","type-page","status-publish","hentry","tag-header-dark-fr"],"yoast_head":"<!-- This site is optimized with the Yoast SEO plugin v26.2 - https:\/\/yoast.com\/wordpress\/plugins\/seo\/ -->\n<title>Mentions l\u00e9gales - Mallorquad<\/title>\n<meta name=\"robots\" content=\"index, follow, max-snippet:-1, max-image-preview:large, max-video-preview:-1\" \/>\n<link rel=\"canonical\" href=\"https:\/\/mallorquad.com\/fr\/mentions-legales\/\" \/>\n<meta property=\"og:locale\" content=\"fr_FR\" \/>\n<meta property=\"og:type\" content=\"article\" \/>\n<meta property=\"og:title\" content=\"Mentions l\u00e9gales - Mallorquad\" \/>\n<meta property=\"og:description\" content=\"Mentionsl\u00e9gales 1. Administrateur du site : QUALORMA SL &#8211; B16575185 C\/DINAMARCA 7, 07015 PALMA DE MALLORCA +(34) 635.591.627 contact@mallorquad.com 2. H\u00e9bergement : Le site est h\u00e9berg\u00e9 chez : HOSTINGER 61 Lordou Vironos Street 6023 Larnaca, Chypre 3. Propri\u00e9t\u00e9 intellectuelle : Le contenu du site, y compris les textes, images, logos, vid\u00e9os, etc., est la propri\u00e9t\u00e9 [&hellip;]\" \/>\n<meta property=\"og:url\" content=\"https:\/\/mallorquad.com\/fr\/mentions-legales\/\" \/>\n<meta property=\"og:site_name\" content=\"Mallorquad\" \/>\n<meta property=\"article:modified_time\" content=\"2024-11-26T04:57:12+00:00\" \/>\n<meta property=\"og:image\" content=\"https:\/\/mallorquad.com\/wp-content\/uploads\/2023\/11\/Mallorquad-circuit-coucher-de-soleil-002.webp\" \/>\n\t<meta property=\"og:image:width\" content=\"1920\" \/>\n\t<meta property=\"og:image:height\" content=\"1281\" \/>\n\t<meta property=\"og:image:type\" content=\"image\/webp\" \/>\n<meta name=\"twitter:card\" content=\"summary_large_image\" \/>\n<meta name=\"twitter:label1\" content=\"Dur\u00e9e de lecture estim\u00e9e\" \/>\n\t<meta name=\"twitter:data1\" content=\"3 minutes\" \/>\n<script type=\"application\/ld+json\" class=\"yoast-schema-graph\">{\"@context\":\"https:\/\/schema.org\",\"@graph\":[{\"@type\":\"WebPage\",\"@id\":\"https:\/\/mallorquad.com\/fr\/mentions-legales\/\",\"url\":\"https:\/\/mallorquad.com\/fr\/mentions-legales\/\",\"name\":\"Mentions l\u00e9gales - Mallorquad\",\"isPartOf\":{\"@id\":\"https:\/\/mallorquad.com\/fr\/#website\"},\"primaryImageOfPage\":{\"@id\":\"https:\/\/mallorquad.com\/fr\/mentions-legales\/#primaryimage\"},\"image\":{\"@id\":\"https:\/\/mallorquad.com\/fr\/mentions-legales\/#primaryimage\"},\"thumbnailUrl\":\"https:\/\/mallorquad.com\/wp-content\/uploads\/2023\/11\/Mallorquad-circuit-coucher-de-soleil-002.webp\",\"datePublished\":\"2022-06-09T15:28:55+00:00\",\"dateModified\":\"2024-11-26T04:57:12+00:00\",\"breadcrumb\":{\"@id\":\"https:\/\/mallorquad.com\/fr\/mentions-legales\/#breadcrumb\"},\"inLanguage\":\"fr-FR\",\"potentialAction\":[{\"@type\":\"ReadAction\",\"target\":[\"https:\/\/mallorquad.com\/fr\/mentions-legales\/\"]}]},{\"@type\":\"ImageObject\",\"inLanguage\":\"fr-FR\",\"@id\":\"https:\/\/mallorquad.com\/fr\/mentions-legales\/#primaryimage\",\"url\":\"https:\/\/mallorquad.com\/wp-content\/uploads\/2023\/11\/Mallorquad-circuit-coucher-de-soleil-002.webp\",\"contentUrl\":\"https:\/\/mallorquad.com\/wp-content\/uploads\/2023\/11\/Mallorquad-circuit-coucher-de-soleil-002.webp\"},{\"@type\":\"BreadcrumbList\",\"@id\":\"https:\/\/mallorquad.com\/fr\/mentions-legales\/#breadcrumb\",\"itemListElement\":[{\"@type\":\"ListItem\",\"position\":1,\"name\":\"Home\",\"item\":\"https:\/\/mallorquad.com\/fr\/accueil\/\"},{\"@type\":\"ListItem\",\"position\":2,\"name\":\"Mentions l\u00e9gales\"}]},{\"@type\":\"WebSite\",\"@id\":\"https:\/\/mallorquad.com\/fr\/#website\",\"url\":\"https:\/\/mallorquad.com\/fr\/\",\"name\":\"Mallorquad\",\"description\":\"Location quad Mallorca\",\"potentialAction\":[{\"@type\":\"SearchAction\",\"target\":{\"@type\":\"EntryPoint\",\"urlTemplate\":\"https:\/\/mallorquad.com\/fr\/?s={search_term_string}\"},\"query-input\":{\"@type\":\"PropertyValueSpecification\",\"valueRequired\":true,\"valueName\":\"search_term_string\"}}],\"inLanguage\":\"fr-FR\"}]}<\/script>\n<!-- \/ Yoast SEO plugin. -->","yoast_head_json":{"title":"Mentions l\u00e9gales - Mallorquad","robots":{"index":"index","follow":"follow","max-snippet":"max-snippet:-1","max-image-preview":"max-image-preview:large","max-video-preview":"max-video-preview:-1"},"canonical":"https:\/\/mallorquad.com\/fr\/mentions-legales\/","og_locale":"fr_FR","og_type":"article","og_title":"Mentions l\u00e9gales - Mallorquad","og_description":"Mentionsl\u00e9gales 1. Administrateur du site : QUALORMA SL &#8211; B16575185 C\/DINAMARCA 7, 07015 PALMA DE MALLORCA +(34) 635.591.627 contact@mallorquad.com 2. H\u00e9bergement : Le site est h\u00e9berg\u00e9 chez : HOSTINGER 61 Lordou Vironos Street 6023 Larnaca, Chypre 3. Propri\u00e9t\u00e9 intellectuelle : Le contenu du site, y compris les textes, images, logos, vid\u00e9os, etc., est la propri\u00e9t\u00e9 [&hellip;]","og_url":"https:\/\/mallorquad.com\/fr\/mentions-legales\/","og_site_name":"Mallorquad","article_modified_time":"2024-11-26T04:57:12+00:00","og_image":[{"width":1920,"height":1281,"url":"https:\/\/mallorquad.com\/wp-content\/uploads\/2023\/11\/Mallorquad-circuit-coucher-de-soleil-002.webp","type":"image\/webp"}],"twitter_card":"summary_large_image","twitter_misc":{"Dur\u00e9e de lecture estim\u00e9e":"3 minutes"},"schema":{"@context":"https:\/\/schema.org","@graph":[{"@type":"WebPage","@id":"https:\/\/mallorquad.com\/fr\/mentions-legales\/","url":"https:\/\/mallorquad.com\/fr\/mentions-legales\/","name":"Mentions l\u00e9gales - Mallorquad","isPartOf":{"@id":"https:\/\/mallorquad.com\/fr\/#website"},"primaryImageOfPage":{"@id":"https:\/\/mallorquad.com\/fr\/mentions-legales\/#primaryimage"},"image":{"@id":"https:\/\/mallorquad.com\/fr\/mentions-legales\/#primaryimage"},"thumbnailUrl":"https:\/\/mallorquad.com\/wp-content\/uploads\/2023\/11\/Mallorquad-circuit-coucher-de-soleil-002.webp","datePublished":"2022-06-09T15:28:55+00:00","dateModified":"2024-11-26T04:57:12+00:00","breadcrumb":{"@id":"https:\/\/mallorquad.com\/fr\/mentions-legales\/#breadcrumb"},"inLanguage":"fr-FR","potentialAction":[{"@type":"ReadAction","target":["https:\/\/mallorquad.com\/fr\/mentions-legales\/"]}]},{"@type":"ImageObject","inLanguage":"fr-FR","@id":"https:\/\/mallorquad.com\/fr\/mentions-legales\/#primaryimage","url":"https:\/\/mallorquad.com\/wp-content\/uploads\/2023\/11\/Mallorquad-circuit-coucher-de-soleil-002.webp","contentUrl":"https:\/\/mallorquad.com\/wp-content\/uploads\/2023\/11\/Mallorquad-circuit-coucher-de-soleil-002.webp"},{"@type":"BreadcrumbList","@id":"https:\/\/mallorquad.com\/fr\/mentions-legales\/#breadcrumb","itemListElement":[{"@type":"ListItem","position":1,"name":"Home","item":"https:\/\/mallorquad.com\/fr\/accueil\/"},{"@type":"ListItem","position":2,"name":"Mentions l\u00e9gales"}]},{"@type":"WebSite","@id":"https:\/\/mallorquad.com\/fr\/#website","url":"https:\/\/mallorquad.com\/fr\/","name":"Mallorquad","description":"Location quad Mallorca","potentialAction":[{"@type":"SearchAction","target":{"@type":"EntryPoint","urlTemplate":"https:\/\/mallorquad.com\/fr\/?s={search_term_string}"},"query-input":{"@type":"PropertyValueSpecification","valueRequired":true,"valueName":"search_term_string"}}],"inLanguage":"fr-FR"}]}},"_links":{"self":[{"href":"https:\/\/mallorquad.com\/fr\/wp-json\/wp\/v2\/pages\/5220","targetHints":{"allow":["GET"]}}],"collection":[{"href":"https:\/\/mallorquad.com\/fr\/wp-json\/wp\/v2\/pages"}],"about":[{"href":"https:\/\/mallorquad.com\/fr\/wp-json\/wp\/v2\/types\/page"}],"author":[{"embeddable":true,"href":"https:\/\/mallorquad.com\/fr\/wp-json\/wp\/v2\/users\/1"}],"replies":[{"embeddable":true,"href":"https:\/\/mallorquad.com\/fr\/wp-json\/wp\/v2\/comments?post=5220"}],"version-history":[{"count":1,"href":"https:\/\/mallorquad.com\/fr\/wp-json\/wp\/v2\/pages\/5220\/revisions"}],"predecessor-version":[{"id":26020,"href":"https:\/\/mallorquad.com\/fr\/wp-json\/wp\/v2\/pages\/5220\/revisions\/26020"}],"wp:attachment":[{"href":"https:\/\/mallorquad.com\/fr\/wp-json\/wp\/v2\/media?parent=5220"}],"wp:term":[{"taxonomy":"post_tag","embeddable":true,"href":"https:\/\/mallorquad.com\/fr\/wp-json\/wp\/v2\/tags?post=5220"}],"curies":[{"name":"wp","href":"https:\/\/api.w.org\/{rel}","templated":true}]}}