{"id":5265,"date":"2022-04-30T04:13:06","date_gmt":"2022-04-30T02:13:06","guid":{"rendered":"https:\/\/mallorquad.com\/about\/"},"modified":"2024-11-25T04:14:09","modified_gmt":"2024-11-25T03:14:09","slug":"about","status":"publish","type":"page","link":"https:\/\/mallorquad.com\/de\/about\/","title":{"rendered":"About"},"content":{"rendered":"\t\t<div data-elementor-type=\"wp-page\" data-elementor-id=\"5265\" class=\"elementor elementor-5265 elementor-120\" data-elementor-post-type=\"page\">\n\t\t\t\t<div class=\"elementor-element elementor-element-a954fb9 e-con-full gsap-anim e-flex e-con e-parent\" data-id=\"a954fb9\" data-element_type=\"container\" data-start=\"top bottom\" data-end=\"bottom top\">\n\t\t\t\t<div class=\"elementor-element elementor-element-b00b367 scroll-parallax first-img elementor-widget elementor-widget-image\" data-id=\"b00b367\" data-element_type=\"widget\" data-intensity=\"500\" data-start-pr=\"top\" data-widget_type=\"image.default\">\n\t\t\t\t<div class=\"elementor-widget-container\">\n\t\t\t\t\t\t\t\t\t\t\t\t\t\t\t<img fetchpriority=\"high\" decoding=\"async\" width=\"2200\" height=\"1242\" src=\"https:\/\/mallorquad.com\/wp-content\/uploads\/2024\/03\/mallorquad-quad-clients-majorque-010-02.webp\" class=\"attachment-full size-full wp-image-22808\" alt=\"\" srcset=\"https:\/\/mallorquad.com\/wp-content\/uploads\/2024\/03\/mallorquad-quad-clients-majorque-010-02.webp 2200w, https:\/\/mallorquad.com\/wp-content\/uploads\/2024\/03\/mallorquad-quad-clients-majorque-010-02-300x169.webp 300w, https:\/\/mallorquad.com\/wp-content\/uploads\/2024\/03\/mallorquad-quad-clients-majorque-010-02-1024x578.webp 1024w, https:\/\/mallorquad.com\/wp-content\/uploads\/2024\/03\/mallorquad-quad-clients-majorque-010-02-768x434.webp 768w, https:\/\/mallorquad.com\/wp-content\/uploads\/2024\/03\/mallorquad-quad-clients-majorque-010-02-1536x867.webp 1536w, https:\/\/mallorquad.com\/wp-content\/uploads\/2024\/03\/mallorquad-quad-clients-majorque-010-02-2048x1156.webp 2048w\" sizes=\"(max-width: 2200px) 100vw, 2200px\" \/>\t\t\t\t\t\t\t\t\t\t\t\t\t\t\t<\/div>\n\t\t\t\t<\/div>\n\t\t\t\t<\/div>\n\t\t<div class=\"elementor-element elementor-element-6fe442d e-con-full e-flex e-con e-parent\" data-id=\"6fe442d\" data-element_type=\"container\" data-settings=\"{&quot;background_background&quot;:&quot;classic&quot;}\">\n\t\t\t\t<div class=\"elementor-element elementor-element-021cbe4 nested-clr s-txt elementor-widget__width-initial elementor-widget elementor-widget-text-editor\" data-id=\"021cbe4\" data-element_type=\"widget\" data-widget_type=\"text-editor.default\">\n\t\t\t\t<div class=\"elementor-widget-container\">\n\t\t\t\t\t\t\t\t\t<p>Erfahren Sie mehr \u00fcber unser Familienunternehmen <span class=\"text-color\">Mallorquad<\/span>! Aber auch in der Gruppe <span class=\"text-color\">Fahrerlebnis<\/span> Experten in der Welt des <span class=\"text-color\">Quads<\/span> aber auch <span class=\"text -color\">Jetski<\/span>!<\/span><\/p>\n\t\t\t\t\t\t\t\t<\/div>\n\t\t\t\t<\/div>\n\t\t\t\t<div class=\"elementor-element elementor-element-d2b73f1 elementor-widget elementor-widget-image\" data-id=\"d2b73f1\" data-element_type=\"widget\" data-start=\"middle\" data-intensity=\"450\" data-widget_type=\"image.default\">\n\t\t\t\t<div class=\"elementor-widget-container\">\n\t\t\t\t\t\t\t\t\t\t\t\t\t\t\t<img decoding=\"async\" width=\"1920\" height=\"1289\" src=\"https:\/\/mallorquad.com\/wp-content\/uploads\/2023\/08\/Mallorquad-cartographie-004.webp\" class=\"attachment-full size-full wp-image-15914\" alt=\"\" srcset=\"https:\/\/mallorquad.com\/wp-content\/uploads\/2023\/08\/Mallorquad-cartographie-004.webp 1920w, https:\/\/mallorquad.com\/wp-content\/uploads\/2023\/08\/Mallorquad-cartographie-004-300x201.webp 300w, https:\/\/mallorquad.com\/wp-content\/uploads\/2023\/08\/Mallorquad-cartographie-004-1024x687.webp 1024w, https:\/\/mallorquad.com\/wp-content\/uploads\/2023\/08\/Mallorquad-cartographie-004-768x516.webp 768w, https:\/\/mallorquad.com\/wp-content\/uploads\/2023\/08\/Mallorquad-cartographie-004-1536x1031.webp 1536w\" sizes=\"(max-width: 1920px) 100vw, 1920px\" \/>\t\t\t\t\t\t\t\t\t\t\t\t\t\t\t<\/div>\n\t\t\t\t<\/div>\n\t\t\t\t<\/div>\n\t\t<div class=\"elementor-element elementor-element-04abb92 e-flex e-con-boxed e-con e-parent\" data-id=\"04abb92\" data-element_type=\"container\" data-settings=\"{&quot;background_background&quot;:&quot;classic&quot;}\">\n\t\t\t\t\t<div class=\"e-con-inner\">\n\t\t<div class=\"elementor-element elementor-element-e443a68 slide-u gsap-anim s-back-m e-con-full e-flex e-con e-child\" data-id=\"e443a68\" data-element_type=\"container\" data-settings=\"{&quot;background_background&quot;:&quot;classic&quot;}\" data-start=\"25% bottom\" data-end=\"bottom top\">\n\t\t\t\t<div class=\"elementor-element elementor-element-0dafc89 gsap-anim elementor-widget elementor-widget-image\" data-id=\"0dafc89\" data-element_type=\"widget\" data-start=\"25% bottom\" data-end=\"bottom top\" data-widget_type=\"image.default\">\n\t\t\t\t<div class=\"elementor-widget-container\">\n\t\t\t\t\t\t\t\t\t\t\t\t\t\t\t<img decoding=\"async\" width=\"2370\" height=\"1364\" src=\"https:\/\/mallorquad.com\/wp-content\/uploads\/2023\/11\/286647900_3102464493417012_4822815331188075284_n.jpg\" class=\"attachment-full size-full wp-image-17672\" alt=\"\" srcset=\"https:\/\/mallorquad.com\/wp-content\/uploads\/2023\/11\/286647900_3102464493417012_4822815331188075284_n.jpg 2370w, https:\/\/mallorquad.com\/wp-content\/uploads\/2023\/11\/286647900_3102464493417012_4822815331188075284_n-300x173.jpg 300w, https:\/\/mallorquad.com\/wp-content\/uploads\/2023\/11\/286647900_3102464493417012_4822815331188075284_n-1024x589.jpg 1024w, https:\/\/mallorquad.com\/wp-content\/uploads\/2023\/11\/286647900_3102464493417012_4822815331188075284_n-768x442.jpg 768w, https:\/\/mallorquad.com\/wp-content\/uploads\/2023\/11\/286647900_3102464493417012_4822815331188075284_n-1536x884.jpg 1536w, https:\/\/mallorquad.com\/wp-content\/uploads\/2023\/11\/286647900_3102464493417012_4822815331188075284_n-2048x1179.jpg 2048w\" sizes=\"(max-width: 2370px) 100vw, 2370px\" \/>\t\t\t\t\t\t\t\t\t\t\t\t\t\t\t<\/div>\n\t\t\t\t<\/div>\n\t\t\t\t<\/div>\n\t\t\t\t\t<\/div>\n\t\t\t\t<\/div>\n\t\t<div class=\"elementor-element elementor-element-ddc94bb e-flex e-con-boxed e-con e-parent\" data-id=\"ddc94bb\" data-element_type=\"container\" data-settings=\"{&quot;background_background&quot;:&quot;classic&quot;}\">\n\t\t\t\t\t<div class=\"e-con-inner\">\n\t\t<div class=\"elementor-element elementor-element-5b79e66 e-flex e-con-boxed e-con e-child\" data-id=\"5b79e66\" data-element_type=\"container\" data-settings=\"{&quot;background_background&quot;:&quot;classic&quot;}\">\n\t\t\t\t\t<div class=\"e-con-inner\">\n\t\t<div class=\"elementor-element elementor-element-ce84c21 e-con-full e-flex e-con e-child\" data-id=\"ce84c21\" data-element_type=\"container\">\n\t\t\t\t<div class=\"elementor-element elementor-element-e84e54f gsap-anim elementor-widget elementor-widget-image\" data-id=\"e84e54f\" data-element_type=\"widget\" data-start=\"25% bottom\" data-end=\"bottom top\" data-widget_type=\"image.default\">\n\t\t\t\t<div class=\"elementor-widget-container\">\n\t\t\t\t\t\t\t\t\t\t\t\t\t\t\t<img loading=\"lazy\" decoding=\"async\" width=\"975\" height=\"1300\" src=\"https:\/\/mallorquad.com\/wp-content\/uploads\/2024\/04\/Mallorquad-quad-mallorca-010.jpeg\" class=\"attachment-full size-full wp-image-23795\" alt=\"\" srcset=\"https:\/\/mallorquad.com\/wp-content\/uploads\/2024\/04\/Mallorquad-quad-mallorca-010.jpeg 975w, https:\/\/mallorquad.com\/wp-content\/uploads\/2024\/04\/Mallorquad-quad-mallorca-010-225x300.jpeg 225w, https:\/\/mallorquad.com\/wp-content\/uploads\/2024\/04\/Mallorquad-quad-mallorca-010-768x1024.jpeg 768w\" sizes=\"(max-width: 975px) 100vw, 975px\" \/>\t\t\t\t\t\t\t\t\t\t\t\t\t\t\t<\/div>\n\t\t\t\t<\/div>\n\t\t\t\t<\/div>\n\t\t<div class=\"elementor-element elementor-element-bf01bf3 e-con-full e-flex e-con e-child\" data-id=\"bf01bf3\" data-element_type=\"container\">\n\t\t\t\t<div class=\"elementor-element elementor-element-d57995e elementor-widget elementor-widget-heading\" data-id=\"d57995e\" data-element_type=\"widget\" data-widget_type=\"heading.default\">\n\t\t\t\t<div class=\"elementor-widget-container\">\n\t\t\t\t\t<h2 class=\"elementor-heading-title elementor-size-default\">Sie haben danach gefragt, wir <span class=\"text-color\">wir haben es getan<\/span>!<\/h2>\t\t\t\t<\/div>\n\t\t\t\t<\/div>\n\t\t\t\t<div class=\"elementor-element elementor-element-0e60ba9 elementor-widget__width-initial slide-u gsap-anim elementor-widget elementor-widget-text-editor\" data-id=\"0e60ba9\" data-element_type=\"widget\" data-start=\"20% bottom\" data-end=\"bottom top\" data-widget_type=\"text-editor.default\">\n\t\t\t\t<div class=\"elementor-widget-container\">\n\t\t\t\t\t\t\t\t\t<p>Entdecken Sie unsere neue Aktivit\u00e4t auf der Insel Mallorca: Quad-Abenteuer, nachdem Sie die Wellen auf einem Jetski erobert haben!<\/p>\n\t\t\t\t\t\t\t\t<\/div>\n\t\t\t\t<\/div>\n\t\t<div class=\"elementor-element elementor-element-91e7d4c e-con-full e-flex e-con e-child\" data-id=\"91e7d4c\" data-element_type=\"container\">\n\t\t<div class=\"elementor-element elementor-element-f3fd46d e-con-full e-flex e-con e-child\" data-id=\"f3fd46d\" data-element_type=\"container\">\n\t\t\t\t<div class=\"elementor-element elementor-element-ff06573 elementor-widget__width-initial slide-u gsap-anim elementor-widget elementor-widget-text-editor\" data-id=\"ff06573\" data-element_type=\"widget\" data-start=\"20% bottom\" data-end=\"bottom top\" data-widget_type=\"text-editor.default\">\n\t\t\t\t<div class=\"elementor-widget-container\">\n\t\t\t\t\t\t\t\t\t<p>Wir sind leidenschaftliche Menschen, die immer auf der Suche nach neuen Erfahrungen sind, die wir mit unseren Kunden teilen k\u00f6nnen.<br \/>Nachdem wir vor einigen Jahren das Unternehmen Ride Exp\u00e9riences gegr\u00fcndet und uns auf den Wellen Mallorcas hervorgetan haben, sind wir nun bereit, zu helfen Sie erkunden die Stra\u00dfen Mallorcas. Die Insel an Bord eines Quads.<\/p>\n\t\t\t\t\t\t\t\t<\/div>\n\t\t\t\t<\/div>\n\t\t\t\t<\/div>\n\t\t\t\t<\/div>\n\t\t\t\t<\/div>\n\t\t\t\t\t<\/div>\n\t\t\t\t<\/div>\n\t\t<div class=\"elementor-element elementor-element-fbd236f e-flex e-con-boxed e-con e-child\" data-id=\"fbd236f\" data-element_type=\"container\" data-settings=\"{&quot;background_background&quot;:&quot;classic&quot;}\">\n\t\t\t\t\t<div class=\"e-con-inner\">\n\t\t<div class=\"elementor-element elementor-element-c24e7ac e-con-full e-flex e-con e-child\" data-id=\"c24e7ac\" data-element_type=\"container\">\n\t\t\t\t<div class=\"elementor-element elementor-element-029e56f elementor-widget elementor-widget-heading\" data-id=\"029e56f\" data-element_type=\"widget\" data-widget_type=\"heading.default\">\n\t\t\t\t<div class=\"elementor-widget-container\">\n\t\t\t\t\t<h2 class=\"elementor-heading-title elementor-size-default\">Ein Ausflug auf dem <span class=\"text-color\">Meer<\/span>, ein Spaziergang auf dem <span class=\"text-color\">Land<\/span>?<\/h2>\t\t\t\t<\/div>\n\t\t\t\t<\/div>\n\t\t\t\t<div class=\"elementor-element elementor-element-302495a elementor-widget__width-initial slide-u gsap-anim elementor-widget elementor-widget-text-editor\" data-id=\"302495a\" data-element_type=\"widget\" data-start=\"20% bottom\" data-end=\"bottom top\" data-widget_type=\"text-editor.default\">\n\t\t\t\t<div class=\"elementor-widget-container\">\n\t\t\t\t\t\t\t\t\t<p>Das Team von RIDE EXPERIENCES ist bereit, Ihnen ein neues Abenteuer voller Entdeckungen, Adrenalin und Sensationen zu bieten.<br \/>Wir sind leidenschaftlich, das ist es, was uns ausmacht.<\/p>\n\t\t\t\t\t\t\t\t<\/div>\n\t\t\t\t<\/div>\n\t\t<div class=\"elementor-element elementor-element-9098fd0 e-con-full e-flex e-con e-child\" data-id=\"9098fd0\" data-element_type=\"container\">\n\t\t<div class=\"elementor-element elementor-element-9203ae6 e-con-full e-flex e-con e-child\" data-id=\"9203ae6\" data-element_type=\"container\">\n\t\t\t\t<div class=\"elementor-element elementor-element-87bfb90 elementor-widget__width-initial slide-u gsap-anim elementor-widget elementor-widget-text-editor\" data-id=\"87bfb90\" data-element_type=\"widget\" data-start=\"20% bottom\" data-end=\"bottom top\" data-widget_type=\"text-editor.default\">\n\t\t\t\t<div class=\"elementor-widget-container\">\n\t\t\t\t\t\t\t\t\t<p>Entdecken Sie ohne weitere Verz\u00f6gerung unser Team: jung, dynamisch und nah am Kunden. Bei uns teilt jedes Mitglied die gleiche Leidenschaft f\u00fcr die Natur und setzt sich daf\u00fcr ein, unseren Kunden unvergessliche Erlebnisse zu bieten. Wir sind hier, um Sie zu begleiten, zu beraten und Sie in jeder Phase Ihres<br \/>Abenteuers mit Begeisterung und Professionalit\u00e4t zu unterst\u00fctzen.<br \/>Also nichts wie los&#8230;<br \/>Lassen Sie sich von unseren beiden verf\u00fchren beliebtesten Aktivit\u00e4ten auf der Insel von Mallorca aus!<\/p>\n\t\t\t\t\t\t\t\t<\/div>\n\t\t\t\t<\/div>\n\t\t\t\t<\/div>\n\t\t\t\t<\/div>\n\t\t\t\t<\/div>\n\t\t<div class=\"elementor-element elementor-element-876700c e-con-full e-flex e-con e-child\" data-id=\"876700c\" data-element_type=\"container\">\n\t\t\t\t<div class=\"elementor-element elementor-element-22eb4ab gsap-anim elementor-widget elementor-widget-image\" data-id=\"22eb4ab\" data-element_type=\"widget\" data-start=\"25% bottom\" data-end=\"bottom top\" data-widget_type=\"image.default\">\n\t\t\t\t<div class=\"elementor-widget-container\">\n\t\t\t\t\t\t\t\t\t\t\t\t\t\t\t<img loading=\"lazy\" decoding=\"async\" width=\"667\" height=\"1000\" src=\"https:\/\/mallorquad.com\/wp-content\/uploads\/2023\/11\/Ride-experiences-jet-ski-mallorca-001.jpg\" class=\"attachment-full size-full wp-image-19716\" alt=\"\" srcset=\"https:\/\/mallorquad.com\/wp-content\/uploads\/2023\/11\/Ride-experiences-jet-ski-mallorca-001.jpg 667w, https:\/\/mallorquad.com\/wp-content\/uploads\/2023\/11\/Ride-experiences-jet-ski-mallorca-001-200x300.jpg 200w\" sizes=\"(max-width: 667px) 100vw, 667px\" \/>\t\t\t\t\t\t\t\t\t\t\t\t\t\t\t<\/div>\n\t\t\t\t<\/div>\n\t\t\t\t<\/div>\n\t\t\t\t\t<\/div>\n\t\t\t\t<\/div>\n\t\t\t\t<div class=\"elementor-element elementor-element-1b82ab9 scroll-parallax elementor-widget elementor-widget-image\" data-id=\"1b82ab9\" data-element_type=\"widget\" data-intensity=\"500\" data-start-pr=\"middle\" data-widget_type=\"image.default\">\n\t\t\t\t<div class=\"elementor-widget-container\">\n\t\t\t\t\t\t\t\t\t\t\t\t\t\t\t<img loading=\"lazy\" decoding=\"async\" width=\"1280\" height=\"853\" src=\"https:\/\/mallorquad.com\/wp-content\/uploads\/2023\/10\/tenerifeaz-quad-excursion.webp\" class=\"attachment-full size-full wp-image-16741\" alt=\"\" srcset=\"https:\/\/mallorquad.com\/wp-content\/uploads\/2023\/10\/tenerifeaz-quad-excursion.webp 1280w, https:\/\/mallorquad.com\/wp-content\/uploads\/2023\/10\/tenerifeaz-quad-excursion-300x200.webp 300w, https:\/\/mallorquad.com\/wp-content\/uploads\/2023\/10\/tenerifeaz-quad-excursion-1024x682.webp 1024w, https:\/\/mallorquad.com\/wp-content\/uploads\/2023\/10\/tenerifeaz-quad-excursion-768x512.webp 768w\" sizes=\"(max-width: 1280px) 100vw, 1280px\" \/>\t\t\t\t\t\t\t\t\t\t\t\t\t\t\t<\/div>\n\t\t\t\t<\/div>\n\t\t<div class=\"elementor-element elementor-element-153906a e-flex e-con-boxed e-con e-child\" data-id=\"153906a\" data-element_type=\"container\">\n\t\t\t\t\t<div class=\"e-con-inner\">\n\t\t\t\t<div class=\"elementor-element elementor-element-f8434fe elementor-widget elementor-widget-heading\" data-id=\"f8434fe\" data-element_type=\"widget\" data-widget_type=\"heading.default\">\n\t\t\t\t<div class=\"elementor-widget-container\">\n\t\t\t\t\t<h3 class=\"elementor-heading-title elementor-size-default\">Folge uns auf Instagram<\/h3>\t\t\t\t<\/div>\n\t\t\t\t<\/div>\n\t\t\t\t<div class=\"elementor-element elementor-element-93f668f elementor-align-center slide-u gsap-anim elementor-widget elementor-widget-button\" data-id=\"93f668f\" data-element_type=\"widget\" data-widget_type=\"button.default\">\n\t\t\t\t<div class=\"elementor-widget-container\">\n\t\t\t\t\t\t\t\t\t<div class=\"elementor-button-wrapper\">\n\t\t\t\t\t<a class=\"elementor-button elementor-button-link elementor-size-sm\" href=\"https:\/\/www.instagram.com\/mallorquad\/\">\n\t\t\t\t\t\t<span class=\"elementor-button-content-wrapper\">\n\t\t\t\t\t\t\t\t\t<span class=\"elementor-button-text\">@mallorquad<\/span>\n\t\t\t\t\t<\/span>\n\t\t\t\t\t<\/a>\n\t\t\t\t<\/div>\n\t\t\t\t\t\t\t\t<\/div>\n\t\t\t\t<\/div>\n\t\t\t\t\t<\/div>\n\t\t\t\t<\/div>\n\t\t\t\t\t<\/div>\n\t\t\t\t<\/div>\n\t\t<div class=\"elementor-element elementor-element-890afe0 e-con-full e-flex e-con e-parent\" data-id=\"890afe0\" data-element_type=\"container\">\n\t\t\t\t<div class=\"elementor-element elementor-element-f20f8ac elementor-widget elementor-widget-html\" data-id=\"f20f8ac\" data-element_type=\"widget\" data-widget_type=\"html.default\">\n\t\t\t\t<div class=\"elementor-widget-container\">\n\t\t\t\t\t<div class=\"marquee\">\r\n    <div class=\"marquee__inner scroll1\">\r\n    <span>folgen Sie uns \u2022<\/span>\r\n    <span>Follow us \u2022<\/span>\r\n    <span>folgen Sie uns \u2022<\/span>\r\n    <span>Follow us \u2022<\/span>\r\n    <span>folgen Sie uns \u2022<\/span>\r\n    <span>Follow us \u2022<\/span>\r\n    <\/div>\r\n    <div class=\"marquee__inner scroll1\" aria-hidden=\"true\">\r\n    <span>folgen Sie uns \u2022<\/span>\r\n    <span>Follow us \u2022<\/span>\r\n    <span>folgen Sie uns \u2022<\/span>\r\n    <span>Follow us \u2022<\/span>\r\n    <span>folgen Sie uns \u2022<\/span>\r\n    <span>Follow us \u2022<\/span>\r\n    <\/div>\r\n<\/div>\t\t\t\t<\/div>\n\t\t\t\t<\/div>\n\t\t\t\t<\/div>\n\t\t\t\t<\/div>\n\t\t","protected":false},"excerpt":{"rendered":"<p>Erfahren Sie mehr \u00fcber unser Familienunternehmen Mallorquad! Aber auch in der Gruppe Fahrerlebnis Experten in der Welt des Quads aber auch Jetski! Sie haben danach gefragt, wir wir haben es getan! Entdecken Sie unsere neue Aktivit\u00e4t auf der Insel Mallorca: Quad-Abenteuer, nachdem Sie die Wellen auf einem Jetski erobert haben! Wir sind leidenschaftliche Menschen, die [&hellip;]<\/p>\n","protected":false},"author":1,"featured_media":22904,"parent":0,"menu_order":0,"comment_status":"closed","ping_status":"closed","template":"","meta":{"footnotes":""},"tags":[],"class_list":["post-5265","page","type-page","status-publish","has-post-thumbnail","hentry"],"yoast_head":"<!-- This site is optimized with the Yoast SEO plugin v26.2 - https:\/\/yoast.com\/wordpress\/plugins\/seo\/ -->\n<title>Erfahren Sie mehr \u00fcber uns und unsere Quads - Mallorquad<\/title>\n<meta name=\"description\" content=\"Mallorquad ist ein Familienunternehmen, das Sie einl\u00e4dt, die wundersch\u00f6ne Insel Mallorca mit dem Quad zu entdecken!\" \/>\n<meta name=\"robots\" content=\"index, follow, max-snippet:-1, max-image-preview:large, max-video-preview:-1\" \/>\n<link rel=\"canonical\" href=\"https:\/\/mallorquad.com\/de\/about\/\" \/>\n<meta property=\"og:locale\" content=\"de_DE\" \/>\n<meta property=\"og:type\" content=\"article\" \/>\n<meta property=\"og:title\" content=\"Erfahren Sie mehr \u00fcber uns und unsere Quads - Mallorquad\" \/>\n<meta property=\"og:description\" content=\"Mallorquad ist ein Familienunternehmen, das Sie einl\u00e4dt, die wundersch\u00f6ne Insel Mallorca mit dem Quad zu entdecken!\" \/>\n<meta property=\"og:url\" content=\"https:\/\/mallorquad.com\/de\/about\/\" \/>\n<meta property=\"og:site_name\" content=\"Mallorquad\" \/>\n<meta property=\"article:modified_time\" content=\"2024-11-25T03:14:09+00:00\" \/>\n<meta property=\"og:image\" content=\"https:\/\/mallorquad.com\/wp-content\/uploads\/2023\/08\/mallorquad-quad-clients-majorque-010-03.webp\" \/>\n\t<meta property=\"og:image:width\" content=\"1232\" \/>\n\t<meta property=\"og:image:height\" content=\"1400\" \/>\n\t<meta property=\"og:image:type\" content=\"image\/webp\" \/>\n<meta name=\"twitter:card\" content=\"summary_large_image\" \/>\n<meta name=\"twitter:label1\" content=\"Gesch\u00e4tzte Lesezeit\" \/>\n\t<meta name=\"twitter:data1\" content=\"1\u00a0Minute\" \/>\n<script type=\"application\/ld+json\" class=\"yoast-schema-graph\">{\"@context\":\"https:\/\/schema.org\",\"@graph\":[{\"@type\":\"WebPage\",\"@id\":\"https:\/\/mallorquad.com\/de\/about\/\",\"url\":\"https:\/\/mallorquad.com\/de\/about\/\",\"name\":\"Erfahren Sie mehr \u00fcber uns und unsere Quads - Mallorquad\",\"isPartOf\":{\"@id\":\"https:\/\/mallorquad.com\/de\/#website\"},\"primaryImageOfPage\":{\"@id\":\"https:\/\/mallorquad.com\/de\/about\/#primaryimage\"},\"image\":{\"@id\":\"https:\/\/mallorquad.com\/de\/about\/#primaryimage\"},\"thumbnailUrl\":\"https:\/\/mallorquad.com\/wp-content\/uploads\/2023\/08\/mallorquad-quad-clients-majorque-010-03.webp\",\"datePublished\":\"2022-04-30T02:13:06+00:00\",\"dateModified\":\"2024-11-25T03:14:09+00:00\",\"description\":\"Mallorquad ist ein Familienunternehmen, das Sie einl\u00e4dt, die wundersch\u00f6ne Insel Mallorca mit dem Quad zu entdecken!\",\"breadcrumb\":{\"@id\":\"https:\/\/mallorquad.com\/de\/about\/#breadcrumb\"},\"inLanguage\":\"de\",\"potentialAction\":[{\"@type\":\"ReadAction\",\"target\":[\"https:\/\/mallorquad.com\/de\/about\/\"]}]},{\"@type\":\"ImageObject\",\"inLanguage\":\"de\",\"@id\":\"https:\/\/mallorquad.com\/de\/about\/#primaryimage\",\"url\":\"https:\/\/mallorquad.com\/wp-content\/uploads\/2023\/08\/mallorquad-quad-clients-majorque-010-03.webp\",\"contentUrl\":\"https:\/\/mallorquad.com\/wp-content\/uploads\/2023\/08\/mallorquad-quad-clients-majorque-010-03.webp\",\"width\":1232,\"height\":1400},{\"@type\":\"BreadcrumbList\",\"@id\":\"https:\/\/mallorquad.com\/de\/about\/#breadcrumb\",\"itemListElement\":[{\"@type\":\"ListItem\",\"position\":1,\"name\":\"Home\",\"item\":\"https:\/\/mallorquad.com\/de\/startseite\/\"},{\"@type\":\"ListItem\",\"position\":2,\"name\":\"About\"}]},{\"@type\":\"WebSite\",\"@id\":\"https:\/\/mallorquad.com\/de\/#website\",\"url\":\"https:\/\/mallorquad.com\/de\/\",\"name\":\"Mallorquad\",\"description\":\"Location quad Mallorca\",\"potentialAction\":[{\"@type\":\"SearchAction\",\"target\":{\"@type\":\"EntryPoint\",\"urlTemplate\":\"https:\/\/mallorquad.com\/de\/?s={search_term_string}\"},\"query-input\":{\"@type\":\"PropertyValueSpecification\",\"valueRequired\":true,\"valueName\":\"search_term_string\"}}],\"inLanguage\":\"de\"}]}<\/script>\n<!-- \/ Yoast SEO plugin. -->","yoast_head_json":{"title":"Erfahren Sie mehr \u00fcber uns und unsere Quads - Mallorquad","description":"Mallorquad ist ein Familienunternehmen, das Sie einl\u00e4dt, die wundersch\u00f6ne Insel Mallorca mit dem Quad zu entdecken!","robots":{"index":"index","follow":"follow","max-snippet":"max-snippet:-1","max-image-preview":"max-image-preview:large","max-video-preview":"max-video-preview:-1"},"canonical":"https:\/\/mallorquad.com\/de\/about\/","og_locale":"de_DE","og_type":"article","og_title":"Erfahren Sie mehr \u00fcber uns und unsere Quads - Mallorquad","og_description":"Mallorquad ist ein Familienunternehmen, das Sie einl\u00e4dt, die wundersch\u00f6ne Insel Mallorca mit dem Quad zu entdecken!","og_url":"https:\/\/mallorquad.com\/de\/about\/","og_site_name":"Mallorquad","article_modified_time":"2024-11-25T03:14:09+00:00","og_image":[{"width":1232,"height":1400,"url":"https:\/\/mallorquad.com\/wp-content\/uploads\/2023\/08\/mallorquad-quad-clients-majorque-010-03.webp","type":"image\/webp"}],"twitter_card":"summary_large_image","twitter_misc":{"Gesch\u00e4tzte Lesezeit":"1\u00a0Minute"},"schema":{"@context":"https:\/\/schema.org","@graph":[{"@type":"WebPage","@id":"https:\/\/mallorquad.com\/de\/about\/","url":"https:\/\/mallorquad.com\/de\/about\/","name":"Erfahren Sie mehr \u00fcber uns und unsere Quads - Mallorquad","isPartOf":{"@id":"https:\/\/mallorquad.com\/de\/#website"},"primaryImageOfPage":{"@id":"https:\/\/mallorquad.com\/de\/about\/#primaryimage"},"image":{"@id":"https:\/\/mallorquad.com\/de\/about\/#primaryimage"},"thumbnailUrl":"https:\/\/mallorquad.com\/wp-content\/uploads\/2023\/08\/mallorquad-quad-clients-majorque-010-03.webp","datePublished":"2022-04-30T02:13:06+00:00","dateModified":"2024-11-25T03:14:09+00:00","description":"Mallorquad ist ein Familienunternehmen, das Sie einl\u00e4dt, die wundersch\u00f6ne Insel Mallorca mit dem Quad zu entdecken!","breadcrumb":{"@id":"https:\/\/mallorquad.com\/de\/about\/#breadcrumb"},"inLanguage":"de","potentialAction":[{"@type":"ReadAction","target":["https:\/\/mallorquad.com\/de\/about\/"]}]},{"@type":"ImageObject","inLanguage":"de","@id":"https:\/\/mallorquad.com\/de\/about\/#primaryimage","url":"https:\/\/mallorquad.com\/wp-content\/uploads\/2023\/08\/mallorquad-quad-clients-majorque-010-03.webp","contentUrl":"https:\/\/mallorquad.com\/wp-content\/uploads\/2023\/08\/mallorquad-quad-clients-majorque-010-03.webp","width":1232,"height":1400},{"@type":"BreadcrumbList","@id":"https:\/\/mallorquad.com\/de\/about\/#breadcrumb","itemListElement":[{"@type":"ListItem","position":1,"name":"Home","item":"https:\/\/mallorquad.com\/de\/startseite\/"},{"@type":"ListItem","position":2,"name":"About"}]},{"@type":"WebSite","@id":"https:\/\/mallorquad.com\/de\/#website","url":"https:\/\/mallorquad.com\/de\/","name":"Mallorquad","description":"Location quad Mallorca","potentialAction":[{"@type":"SearchAction","target":{"@type":"EntryPoint","urlTemplate":"https:\/\/mallorquad.com\/de\/?s={search_term_string}"},"query-input":{"@type":"PropertyValueSpecification","valueRequired":true,"valueName":"search_term_string"}}],"inLanguage":"de"}]}},"_links":{"self":[{"href":"https:\/\/mallorquad.com\/de\/wp-json\/wp\/v2\/pages\/5265","targetHints":{"allow":["GET"]}}],"collection":[{"href":"https:\/\/mallorquad.com\/de\/wp-json\/wp\/v2\/pages"}],"about":[{"href":"https:\/\/mallorquad.com\/de\/wp-json\/wp\/v2\/types\/page"}],"author":[{"embeddable":true,"href":"https:\/\/mallorquad.com\/de\/wp-json\/wp\/v2\/users\/1"}],"replies":[{"embeddable":true,"href":"https:\/\/mallorquad.com\/de\/wp-json\/wp\/v2\/comments?post=5265"}],"version-history":[{"count":2,"href":"https:\/\/mallorquad.com\/de\/wp-json\/wp\/v2\/pages\/5265\/revisions"}],"predecessor-version":[{"id":25943,"href":"https:\/\/mallorquad.com\/de\/wp-json\/wp\/v2\/pages\/5265\/revisions\/25943"}],"wp:featuredmedia":[{"embeddable":true,"href":"https:\/\/mallorquad.com\/de\/wp-json\/wp\/v2\/media\/22904"}],"wp:attachment":[{"href":"https:\/\/mallorquad.com\/de\/wp-json\/wp\/v2\/media?parent=5265"}],"wp:term":[{"taxonomy":"post_tag","embeddable":true,"href":"https:\/\/mallorquad.com\/de\/wp-json\/wp\/v2\/tags?post=5265"}],"curies":[{"name":"wp","href":"https:\/\/api.w.org\/{rel}","templated":true}]}}