{"id":5234,"date":"2022-06-09T19:38:06","date_gmt":"2022-06-09T17:38:06","guid":{"rendered":"https:\/\/mallorquad.com\/allgemeine-verkaufsbedingungen\/"},"modified":"2024-11-26T05:57:38","modified_gmt":"2024-11-26T04:57:38","slug":"allgemeine-verkaufsbedingungen","status":"publish","type":"page","link":"https:\/\/mallorquad.com\/de\/allgemeine-verkaufsbedingungen\/","title":{"rendered":"Allgemeine Verkaufsbedingungen"},"content":{"rendered":"\t\t<div data-elementor-type=\"wp-page\" data-elementor-id=\"5234\" class=\"elementor elementor-5234 elementor-5016\" data-elementor-post-type=\"page\">\n\t\t\t\t<div class=\"elementor-element elementor-element-1eb860e e-con-full e-flex e-con e-parent\" data-id=\"1eb860e\" data-element_type=\"container\">\n\t\t\t\t<div class=\"elementor-element elementor-element-a035346 elementor-widget__width-inherit elementor-widget elementor-widget-image\" data-id=\"a035346\" data-element_type=\"widget\" data-widget_type=\"image.default\">\n\t\t\t\t<div class=\"elementor-widget-container\">\n\t\t\t\t\t\t\t\t\t\t\t\t\t\t\t<img fetchpriority=\"high\" decoding=\"async\" width=\"1920\" height=\"1281\" src=\"https:\/\/mallorquad.com\/wp-content\/uploads\/2023\/11\/Mallorquad-circuit-coucher-de-soleil-002.webp\" class=\"attachment-full size-full wp-image-19437\" alt=\"\" srcset=\"https:\/\/mallorquad.com\/wp-content\/uploads\/2023\/11\/Mallorquad-circuit-coucher-de-soleil-002.webp 1920w, https:\/\/mallorquad.com\/wp-content\/uploads\/2023\/11\/Mallorquad-circuit-coucher-de-soleil-002-300x200.webp 300w, https:\/\/mallorquad.com\/wp-content\/uploads\/2023\/11\/Mallorquad-circuit-coucher-de-soleil-002-1024x683.webp 1024w, https:\/\/mallorquad.com\/wp-content\/uploads\/2023\/11\/Mallorquad-circuit-coucher-de-soleil-002-768x512.webp 768w, https:\/\/mallorquad.com\/wp-content\/uploads\/2023\/11\/Mallorquad-circuit-coucher-de-soleil-002-1536x1025.webp 1536w\" sizes=\"(max-width: 1920px) 100vw, 1920px\" \/>\t\t\t\t\t\t\t\t\t\t\t\t\t\t\t<\/div>\n\t\t\t\t<\/div>\n\t\t\t\t<\/div>\n\t\t\t\t<section class=\"elementor-section elementor-top-section elementor-element elementor-element-d34f6dc elementor-section-height-min-height elementor-section-items-top elementor-section-full_width elementor-section-height-default\" data-id=\"d34f6dc\" data-element_type=\"section\" data-settings=\"{&quot;background_background&quot;:&quot;classic&quot;}\">\n\t\t\t\t\t\t<div class=\"elementor-container elementor-column-gap-default\">\n\t\t\t\t\t<div class=\"elementor-column elementor-col-100 elementor-top-column elementor-element elementor-element-4a5df45\" data-id=\"4a5df45\" data-element_type=\"column\">\n\t\t\t<div class=\"elementor-widget-wrap elementor-element-populated\">\n\t\t\t\t\t\t<div class=\"elementor-element elementor-element-47f8b3b s-txt elementor-widget elementor-widget-heading\" data-id=\"47f8b3b\" data-element_type=\"widget\" data-widget_type=\"heading.default\">\n\t\t\t\t<div class=\"elementor-widget-container\">\n\t\t\t\t\t<h2 class=\"elementor-heading-title elementor-size-default\"><span class=\"Duo-title-N\">Allgemeine<\/span><\/br>Verkaufsbedingungen<\/h2>\t\t\t\t<\/div>\n\t\t\t\t<\/div>\n\t\t\t\t<div class=\"elementor-element elementor-element-239ba0c elementor-widget elementor-widget-text-editor\" data-id=\"239ba0c\" data-element_type=\"widget\" data-widget_type=\"text-editor.default\">\n\t\t\t\t<div class=\"elementor-widget-container\">\n\t\t\t\t\t\t\t\t\t<p><strong>1. TEILNAHMEBEDINGUNGEN:<\/strong><\/p>\n<p>Vor Beginn des Ausflugs m\u00fcssen Sie folgende Punkte best\u00e4tigen:<\/p>\n<p>Mindestalter: Teilnehmer m\u00fcssen mindestens 18 Jahre alt sein, um ein Quad zu fahren. Passagiere m\u00fcssen mindestens 7 Jahre alt sein oder eine Mindestgr\u00f6\u00dfe von 1,30 m haben.<br \/>F\u00fchrerschein: Fahrer m\u00fcssen einen g\u00fcltigen F\u00fchrerschein f\u00fcr Kraftfahrzeuge besitzen, der vor Ort vorgelegt werden muss.<br \/>Kleidung: Geschlossenes Schuhwerk und Kleidung, die den Wetterbedingungen entspricht, werden empfohlen.<br \/>K\u00f6rperliche Verfassung: Teilnehmer m\u00fcssen bei guter Gesundheit sein und d\u00fcrfen keine Kontraindikationen f\u00fcr die Teilnahme an k\u00f6rperlichen und sportlichen Aktivit\u00e4ten haben.<br \/>Schwangere Frauen d\u00fcrfen nicht an unseren Aktivit\u00e4ten teilnehmen. Dar\u00fcber hinaus d\u00fcrfen die Teilnehmer nicht unter dem Einfluss von Alkohol, Drogen oder anderen Substanzen stehen, die ihre F\u00e4higkeit zur sicheren Teilnahme beeintr\u00e4chtigen k\u00f6nnen.<\/p>\n<p><strong>2. SICHERHEITSMA\u00dfNAHMEN:<\/strong><\/p>\n<p>Durch die Teilnahme am Ausflug stimmen Sie zu:<br \/>&#8211; Befolgen Sie die Anweisungen des Instruktors und beachten Sie Sicherheitsvorkehrungen und -regeln,<br \/>&#8211; Beachten Sie die Verkehrsregeln und die Umwelt (andere Benutzer, Tiere, Anwohner usw.),<br \/>&#8211; Erkennen Sie an, dass Quadfahren Risiken birgt und akzeptieren Sie die daraus resultierenden Bedingungen: Der Instruktor haftet nicht f\u00fcr Unf\u00e4lle, die auf individuell verantwortungsloses Verhalten zur\u00fcckzuf\u00fchren sind. Ein Versto\u00df gegen Sicherheitsanweisungen kann zur Ausschluss des Teilnehmers ohne R\u00fcckerstattung f\u00fchren.<\/p>\n<p><strong>3. Reservierung und Zahlung:<\/strong><\/p>\n<p>&#8211; Die Buchung von Quad-Ausfl\u00fcgen kann online, telefonisch oder pers\u00f6nlich erfolgen.<br \/>&#8211; Die vollst\u00e4ndige Zahlung ist zum Zeitpunkt der Buchung erforderlich, sofern nicht anders angegeben.<br \/>&#8211; Die akzeptierten Zahlungsbedingungen werden bei der Buchung angegeben.<\/p>\n<p>Alle genannten Tarife und Preise unterliegen der Verf\u00fcgbarkeit von Produkten oder Dienstleistungen. Preise k\u00f6nnen sich \u00e4ndern, bis die vollst\u00e4ndige Zahlung eingegangen ist und entsprechende Gutscheine ausgestellt wurden.<\/p>\n<p>Die auf dieser Website angebotenen Erfahrungen unterliegen der Verf\u00fcgbarkeit und k\u00f6nnen ohne vorherige Ank\u00fcndigung zur\u00fcckgezogen werden. Die Buchung wird erst nach Erhalt der vollst\u00e4ndigen Zahlung best\u00e4tigt.<\/p>\n<p><strong>4. Stornierung und \u00c4nderung durch den Kunden:<\/strong><\/p>\n<p>Jede Stornierung oder \u00c4nderung einer Buchung muss dem Dienstleister schriftlich mitgeteilt werden.<\/p>\n<p>Stornierungen\/\u00c4nderungen Ihres Ausflugs bis 48 Stunden vor dem Abreisedatum: 100% R\u00fcckerstattung.<br \/>Stornierungen Ihres Abenteuers bis 24 Stunden vor dem Abreisedatum: 50% R\u00fcckerstattung.<br \/>Stornierungen nach 24 Stunden vor Abreise: keine R\u00fcckerstattung.<br \/>Geb\u00fchr von 5\u20ac f\u00fcr jede Stornierung.<\/p>\n<p><strong>MALLOR\u2019QUAD<\/strong> beh\u00e4lt sich das Recht vor, Ausfl\u00fcge abzusagen, Reiserouten zu \u00e4ndern und \u00d6ffnungstage zu \u00e4ndern.<\/p>\n<p>Wenn eine Tour aufgrund von Wetterbedingungen, mechanischen Problemen, unsicheren Bedingungen oder Routensperrungen abgesagt wird, bieten wir an, Ihren Ausflug zu einem sp\u00e4teren Zeitpunkt ohne zus\u00e4tzliche Kosten umzubuchen.<br \/>Wenn diese Alternative nicht geeignet ist, erfolgt eine R\u00fcckerstattung.<\/p>\n<p>F\u00fcr diesen Ausflug sind mindestens 2 Quads erforderlich.<br \/>Wenn die Mindestanzahl von Fahrzeugen nicht erreicht wird, k\u00f6nnen wir uns 12 Stunden vor Ihrem Besuch mit Ihnen in Verbindung setzen, um Ihren Ausflug umzubuchen.<\/p>\n<p>Bitte beachten Sie, dass keine R\u00fcckerstattungen f\u00fcr stornierte Ausfl\u00fcge aufgrund von falschen Angaben zu physischen F\u00e4higkeiten und\/oder Nichtangabe bestehender Gesundheitsprobleme erfolgen, die die Durchf\u00fchrung des Ausflugs beeintr\u00e4chtigen.<\/p>\n<p>Wenn ein Kunde spezifische Fragen im MALLOR&#8217;QUAD-Fragebogen nicht beantwortet oder die Informationen verweigert, behalten wir uns das Recht vor, den Service ohne R\u00fcckerstattung abzulehnen. Diese Fragen umfassen wesentliche Informationen wie F\u00fchrerscheindetails und Kontaktdaten der Teilnehmer.<\/p>\n<p>Ein F\u00fchrerschein muss vor Ort vorgelegt werden. Bei Nichtvorlage ist dem Teilnehmer das Fahren des Quads untersagt, und es erfolgt keine R\u00fcckerstattung.<\/p>\n<p>MALLOR\u2019QUAD gew\u00e4hrt keine R\u00fcckerstattung f\u00fcr Probleme, die durch unangemessenes Verhalten des Kunden verursacht werden.<\/p>\n<p>Es erfolgen keine R\u00fcckerstattungen f\u00fcr nicht genutzte Aktivit\u00e4ten.<\/p>\n<p>Es erfolgen keine R\u00fcckerstattungen, wenn Aktivit\u00e4ten nach Beginn nicht abgeschlossen werden k\u00f6nnen.<\/p>\n<p>Zus\u00e4tzlich wird eine Pauschalgeb\u00fchr von 50\u20ac erhoben, wenn das Quad aus nicht gerechtfertigten Gr\u00fcnden mehr als 5 km vom St\u00fctzpunkt abgeholt werden muss.<\/p>\n<p><strong>5. Haftung:<\/strong><\/p>\n<p>&#8211; Der Dienstleister garantiert die Sicherheit der Teilnehmer w\u00e4hrend des Ausflugs, \u00fcbernimmt jedoch keine Haftung f\u00fcr Unf\u00e4lle, die auf unverantwortliches Verhalten oder Nichtbeachtung der Anweisungen des Guides zur\u00fcckzuf\u00fchren sind.<br \/>&#8211; Der Kunde ist verpflichtet, die Verhaltensregeln und Sicherheitsanweisungen des Guides zu respektieren.<\/p>\n<p><strong>6. Versicherung:<\/strong><\/p>\n<p>&#8211; Der Guide ist durch eine organisatorische Haftpflichtversicherung abgesichert, mit der Verpflichtung, unter normalen Verkehrsbedingungen die erforderlichen Mittel bereitzustellen.<\/\n\n<\/p>\n\t\t\t\t\t\t\t\t<\/div>\n\t\t\t\t<\/div>\n\t\t\t\t\t<\/div>\n\t\t<\/div>\n\t\t\t\t\t<\/div>\n\t\t<\/section>\n\t\t\t\t<\/div>\n\t\t","protected":false},"excerpt":{"rendered":"<p>AllgemeineVerkaufsbedingungen 1. TEILNAHMEBEDINGUNGEN: Vor Beginn des Ausflugs m\u00fcssen Sie folgende Punkte best\u00e4tigen: Mindestalter: Teilnehmer m\u00fcssen mindestens 18 Jahre alt sein, um ein Quad zu fahren. Passagiere m\u00fcssen mindestens 7 Jahre alt sein oder eine Mindestgr\u00f6\u00dfe von 1,30 m haben.F\u00fchrerschein: Fahrer m\u00fcssen einen g\u00fcltigen F\u00fchrerschein f\u00fcr Kraftfahrzeuge besitzen, der vor Ort vorgelegt werden muss.Kleidung: Geschlossenes Schuhwerk [&hellip;]<\/p>\n","protected":false},"author":1,"featured_media":0,"parent":0,"menu_order":0,"comment_status":"closed","ping_status":"closed","template":"","meta":{"footnotes":""},"tags":[125],"class_list":["post-5234","page","type-page","status-publish","hentry","tag-header-dark-de"],"yoast_head":"<!-- This site is optimized with the Yoast SEO plugin v26.2 - https:\/\/yoast.com\/wordpress\/plugins\/seo\/ -->\n<title>Allgemeine Verkaufsbedingungen - Mallorquad<\/title>\n<meta name=\"robots\" content=\"index, follow, max-snippet:-1, max-image-preview:large, max-video-preview:-1\" \/>\n<link rel=\"canonical\" href=\"https:\/\/mallorquad.com\/de\/allgemeine-verkaufsbedingungen\/\" \/>\n<meta property=\"og:locale\" content=\"de_DE\" \/>\n<meta property=\"og:type\" content=\"article\" \/>\n<meta property=\"og:title\" content=\"Allgemeine Verkaufsbedingungen - Mallorquad\" \/>\n<meta property=\"og:description\" content=\"AllgemeineVerkaufsbedingungen 1. TEILNAHMEBEDINGUNGEN: Vor Beginn des Ausflugs m\u00fcssen Sie folgende Punkte best\u00e4tigen: Mindestalter: Teilnehmer m\u00fcssen mindestens 18 Jahre alt sein, um ein Quad zu fahren. Passagiere m\u00fcssen mindestens 7 Jahre alt sein oder eine Mindestgr\u00f6\u00dfe von 1,30 m haben.F\u00fchrerschein: Fahrer m\u00fcssen einen g\u00fcltigen F\u00fchrerschein f\u00fcr Kraftfahrzeuge besitzen, der vor Ort vorgelegt werden muss.Kleidung: Geschlossenes Schuhwerk [&hellip;]\" \/>\n<meta property=\"og:url\" content=\"https:\/\/mallorquad.com\/de\/allgemeine-verkaufsbedingungen\/\" \/>\n<meta property=\"og:site_name\" content=\"Mallorquad\" \/>\n<meta property=\"article:modified_time\" content=\"2024-11-26T04:57:38+00:00\" \/>\n<meta property=\"og:image\" content=\"https:\/\/mallorquad.com\/wp-content\/uploads\/2023\/11\/Mallorquad-circuit-coucher-de-soleil-002.webp\" \/>\n\t<meta property=\"og:image:width\" content=\"1920\" \/>\n\t<meta property=\"og:image:height\" content=\"1281\" \/>\n\t<meta property=\"og:image:type\" content=\"image\/webp\" \/>\n<meta name=\"twitter:card\" content=\"summary_large_image\" \/>\n<meta name=\"twitter:label1\" content=\"Gesch\u00e4tzte Lesezeit\" \/>\n\t<meta name=\"twitter:data1\" content=\"3\u00a0Minuten\" \/>\n<script type=\"application\/ld+json\" class=\"yoast-schema-graph\">{\"@context\":\"https:\/\/schema.org\",\"@graph\":[{\"@type\":\"WebPage\",\"@id\":\"https:\/\/mallorquad.com\/de\/allgemeine-verkaufsbedingungen\/\",\"url\":\"https:\/\/mallorquad.com\/de\/allgemeine-verkaufsbedingungen\/\",\"name\":\"Allgemeine Verkaufsbedingungen - Mallorquad\",\"isPartOf\":{\"@id\":\"https:\/\/mallorquad.com\/de\/#website\"},\"primaryImageOfPage\":{\"@id\":\"https:\/\/mallorquad.com\/de\/allgemeine-verkaufsbedingungen\/#primaryimage\"},\"image\":{\"@id\":\"https:\/\/mallorquad.com\/de\/allgemeine-verkaufsbedingungen\/#primaryimage\"},\"thumbnailUrl\":\"https:\/\/mallorquad.com\/wp-content\/uploads\/2023\/11\/Mallorquad-circuit-coucher-de-soleil-002.webp\",\"datePublished\":\"2022-06-09T17:38:06+00:00\",\"dateModified\":\"2024-11-26T04:57:38+00:00\",\"breadcrumb\":{\"@id\":\"https:\/\/mallorquad.com\/de\/allgemeine-verkaufsbedingungen\/#breadcrumb\"},\"inLanguage\":\"de\",\"potentialAction\":[{\"@type\":\"ReadAction\",\"target\":[\"https:\/\/mallorquad.com\/de\/allgemeine-verkaufsbedingungen\/\"]}]},{\"@type\":\"ImageObject\",\"inLanguage\":\"de\",\"@id\":\"https:\/\/mallorquad.com\/de\/allgemeine-verkaufsbedingungen\/#primaryimage\",\"url\":\"https:\/\/mallorquad.com\/wp-content\/uploads\/2023\/11\/Mallorquad-circuit-coucher-de-soleil-002.webp\",\"contentUrl\":\"https:\/\/mallorquad.com\/wp-content\/uploads\/2023\/11\/Mallorquad-circuit-coucher-de-soleil-002.webp\"},{\"@type\":\"BreadcrumbList\",\"@id\":\"https:\/\/mallorquad.com\/de\/allgemeine-verkaufsbedingungen\/#breadcrumb\",\"itemListElement\":[{\"@type\":\"ListItem\",\"position\":1,\"name\":\"Home\",\"item\":\"https:\/\/mallorquad.com\/de\/startseite\/\"},{\"@type\":\"ListItem\",\"position\":2,\"name\":\"Allgemeine Verkaufsbedingungen\"}]},{\"@type\":\"WebSite\",\"@id\":\"https:\/\/mallorquad.com\/de\/#website\",\"url\":\"https:\/\/mallorquad.com\/de\/\",\"name\":\"Mallorquad\",\"description\":\"Location quad Mallorca\",\"potentialAction\":[{\"@type\":\"SearchAction\",\"target\":{\"@type\":\"EntryPoint\",\"urlTemplate\":\"https:\/\/mallorquad.com\/de\/?s={search_term_string}\"},\"query-input\":{\"@type\":\"PropertyValueSpecification\",\"valueRequired\":true,\"valueName\":\"search_term_string\"}}],\"inLanguage\":\"de\"}]}<\/script>\n<!-- \/ Yoast SEO plugin. -->","yoast_head_json":{"title":"Allgemeine Verkaufsbedingungen - Mallorquad","robots":{"index":"index","follow":"follow","max-snippet":"max-snippet:-1","max-image-preview":"max-image-preview:large","max-video-preview":"max-video-preview:-1"},"canonical":"https:\/\/mallorquad.com\/de\/allgemeine-verkaufsbedingungen\/","og_locale":"de_DE","og_type":"article","og_title":"Allgemeine Verkaufsbedingungen - Mallorquad","og_description":"AllgemeineVerkaufsbedingungen 1. TEILNAHMEBEDINGUNGEN: Vor Beginn des Ausflugs m\u00fcssen Sie folgende Punkte best\u00e4tigen: Mindestalter: Teilnehmer m\u00fcssen mindestens 18 Jahre alt sein, um ein Quad zu fahren. Passagiere m\u00fcssen mindestens 7 Jahre alt sein oder eine Mindestgr\u00f6\u00dfe von 1,30 m haben.F\u00fchrerschein: Fahrer m\u00fcssen einen g\u00fcltigen F\u00fchrerschein f\u00fcr Kraftfahrzeuge besitzen, der vor Ort vorgelegt werden muss.Kleidung: Geschlossenes Schuhwerk [&hellip;]","og_url":"https:\/\/mallorquad.com\/de\/allgemeine-verkaufsbedingungen\/","og_site_name":"Mallorquad","article_modified_time":"2024-11-26T04:57:38+00:00","og_image":[{"width":1920,"height":1281,"url":"https:\/\/mallorquad.com\/wp-content\/uploads\/2023\/11\/Mallorquad-circuit-coucher-de-soleil-002.webp","type":"image\/webp"}],"twitter_card":"summary_large_image","twitter_misc":{"Gesch\u00e4tzte Lesezeit":"3\u00a0Minuten"},"schema":{"@context":"https:\/\/schema.org","@graph":[{"@type":"WebPage","@id":"https:\/\/mallorquad.com\/de\/allgemeine-verkaufsbedingungen\/","url":"https:\/\/mallorquad.com\/de\/allgemeine-verkaufsbedingungen\/","name":"Allgemeine Verkaufsbedingungen - Mallorquad","isPartOf":{"@id":"https:\/\/mallorquad.com\/de\/#website"},"primaryImageOfPage":{"@id":"https:\/\/mallorquad.com\/de\/allgemeine-verkaufsbedingungen\/#primaryimage"},"image":{"@id":"https:\/\/mallorquad.com\/de\/allgemeine-verkaufsbedingungen\/#primaryimage"},"thumbnailUrl":"https:\/\/mallorquad.com\/wp-content\/uploads\/2023\/11\/Mallorquad-circuit-coucher-de-soleil-002.webp","datePublished":"2022-06-09T17:38:06+00:00","dateModified":"2024-11-26T04:57:38+00:00","breadcrumb":{"@id":"https:\/\/mallorquad.com\/de\/allgemeine-verkaufsbedingungen\/#breadcrumb"},"inLanguage":"de","potentialAction":[{"@type":"ReadAction","target":["https:\/\/mallorquad.com\/de\/allgemeine-verkaufsbedingungen\/"]}]},{"@type":"ImageObject","inLanguage":"de","@id":"https:\/\/mallorquad.com\/de\/allgemeine-verkaufsbedingungen\/#primaryimage","url":"https:\/\/mallorquad.com\/wp-content\/uploads\/2023\/11\/Mallorquad-circuit-coucher-de-soleil-002.webp","contentUrl":"https:\/\/mallorquad.com\/wp-content\/uploads\/2023\/11\/Mallorquad-circuit-coucher-de-soleil-002.webp"},{"@type":"BreadcrumbList","@id":"https:\/\/mallorquad.com\/de\/allgemeine-verkaufsbedingungen\/#breadcrumb","itemListElement":[{"@type":"ListItem","position":1,"name":"Home","item":"https:\/\/mallorquad.com\/de\/startseite\/"},{"@type":"ListItem","position":2,"name":"Allgemeine Verkaufsbedingungen"}]},{"@type":"WebSite","@id":"https:\/\/mallorquad.com\/de\/#website","url":"https:\/\/mallorquad.com\/de\/","name":"Mallorquad","description":"Location quad Mallorca","potentialAction":[{"@type":"SearchAction","target":{"@type":"EntryPoint","urlTemplate":"https:\/\/mallorquad.com\/de\/?s={search_term_string}"},"query-input":{"@type":"PropertyValueSpecification","valueRequired":true,"valueName":"search_term_string"}}],"inLanguage":"de"}]}},"_links":{"self":[{"href":"https:\/\/mallorquad.com\/de\/wp-json\/wp\/v2\/pages\/5234","targetHints":{"allow":["GET"]}}],"collection":[{"href":"https:\/\/mallorquad.com\/de\/wp-json\/wp\/v2\/pages"}],"about":[{"href":"https:\/\/mallorquad.com\/de\/wp-json\/wp\/v2\/types\/page"}],"author":[{"embeddable":true,"href":"https:\/\/mallorquad.com\/de\/wp-json\/wp\/v2\/users\/1"}],"replies":[{"embeddable":true,"href":"https:\/\/mallorquad.com\/de\/wp-json\/wp\/v2\/comments?post=5234"}],"version-history":[{"count":1,"href":"https:\/\/mallorquad.com\/de\/wp-json\/wp\/v2\/pages\/5234\/revisions"}],"predecessor-version":[{"id":26024,"href":"https:\/\/mallorquad.com\/de\/wp-json\/wp\/v2\/pages\/5234\/revisions\/26024"}],"wp:attachment":[{"href":"https:\/\/mallorquad.com\/de\/wp-json\/wp\/v2\/media?parent=5234"}],"wp:term":[{"taxonomy":"post_tag","embeddable":true,"href":"https:\/\/mallorquad.com\/de\/wp-json\/wp\/v2\/tags?post=5234"}],"curies":[{"name":"wp","href":"https:\/\/api.w.org\/{rel}","templated":true}]}}