{"id":5222,"date":"2022-06-09T17:28:55","date_gmt":"2022-06-09T15:28:55","guid":{"rendered":"https:\/\/mallorquad.com\/rechtliche-hinweise\/"},"modified":"2024-11-26T05:57:20","modified_gmt":"2024-11-26T04:57:20","slug":"rechtliche-hinweise","status":"publish","type":"page","link":"https:\/\/mallorquad.com\/de\/rechtliche-hinweise\/","title":{"rendered":"Rechtliche Hinweise"},"content":{"rendered":"\t\t<div data-elementor-type=\"wp-page\" data-elementor-id=\"5222\" class=\"elementor elementor-5222 elementor-5010\" data-elementor-post-type=\"page\">\n\t\t\t\t<div class=\"elementor-element elementor-element-b5c6c7b e-con-full e-flex e-con e-parent\" data-id=\"b5c6c7b\" data-element_type=\"container\">\n\t\t\t\t<div class=\"elementor-element elementor-element-35385ae elementor-widget__width-inherit elementor-widget elementor-widget-image\" data-id=\"35385ae\" data-element_type=\"widget\" data-widget_type=\"image.default\">\n\t\t\t\t<div class=\"elementor-widget-container\">\n\t\t\t\t\t\t\t\t\t\t\t\t\t\t\t<img fetchpriority=\"high\" decoding=\"async\" width=\"1920\" height=\"1281\" src=\"https:\/\/mallorquad.com\/wp-content\/uploads\/2023\/11\/Mallorquad-circuit-coucher-de-soleil-002.webp\" class=\"attachment-full size-full wp-image-19437\" alt=\"\" srcset=\"https:\/\/mallorquad.com\/wp-content\/uploads\/2023\/11\/Mallorquad-circuit-coucher-de-soleil-002.webp 1920w, https:\/\/mallorquad.com\/wp-content\/uploads\/2023\/11\/Mallorquad-circuit-coucher-de-soleil-002-300x200.webp 300w, https:\/\/mallorquad.com\/wp-content\/uploads\/2023\/11\/Mallorquad-circuit-coucher-de-soleil-002-1024x683.webp 1024w, https:\/\/mallorquad.com\/wp-content\/uploads\/2023\/11\/Mallorquad-circuit-coucher-de-soleil-002-768x512.webp 768w, https:\/\/mallorquad.com\/wp-content\/uploads\/2023\/11\/Mallorquad-circuit-coucher-de-soleil-002-1536x1025.webp 1536w\" sizes=\"(max-width: 1920px) 100vw, 1920px\" \/>\t\t\t\t\t\t\t\t\t\t\t\t\t\t\t<\/div>\n\t\t\t\t<\/div>\n\t\t\t\t<\/div>\n\t\t\t\t<section class=\"elementor-section elementor-top-section elementor-element elementor-element-dc0e481 elementor-section-height-min-height elementor-section-items-top elementor-section-full_width elementor-section-height-default\" data-id=\"dc0e481\" data-element_type=\"section\" data-settings=\"{&quot;background_background&quot;:&quot;classic&quot;}\">\n\t\t\t\t\t\t<div class=\"elementor-container elementor-column-gap-default\">\n\t\t\t\t\t<div class=\"elementor-column elementor-col-100 elementor-top-column elementor-element elementor-element-e72c4a1\" data-id=\"e72c4a1\" data-element_type=\"column\">\n\t\t\t<div class=\"elementor-widget-wrap elementor-element-populated\">\n\t\t\t\t\t\t<div class=\"elementor-element elementor-element-bb9d966 s-txt elementor-widget elementor-widget-heading\" data-id=\"bb9d966\" data-element_type=\"widget\" data-widget_type=\"heading.default\">\n\t\t\t\t<div class=\"elementor-widget-container\">\n\t\t\t\t\t<h2 class=\"elementor-heading-title elementor-size-default\"><span class=\"Duo-title-N\">Rechtliche<\/span><\/br>Hinweise<\/h2>\t\t\t\t<\/div>\n\t\t\t\t<\/div>\n\t\t\t\t<div class=\"elementor-element elementor-element-1567e42 elementor-widget elementor-widget-text-editor\" data-id=\"1567e42\" data-element_type=\"widget\" data-widget_type=\"text-editor.default\">\n\t\t\t\t<div class=\"elementor-widget-container\">\n\t\t\t\t\t\t\t\t\t<p class=\"p1\"><strong>1. Website-Administrator:<\/strong><\/p>\n<p class=\"p1\">QUALORMA SL &#8211; B16575185<\/p>\n<p class=\"p1\">C\/DINAMARCA 7, 07015 PALMA DE MALLORCA<\/p>\n<p class=\"p1\">+(34) 635.591.627<\/p>\n<p class=\"p1\">contact@mallorquad.com<\/p>\n<p><strong>2. Hosting:<\/strong><\/p>\n<p>Die Website wird gehostet bei: HOSTINGER<br \/>\n61 Lordou Vironos Street 6023 Larnaca, Zypern<\/p>\n<p><strong>3. Geistiges Eigentum:<\/strong><\/p>\n<p>Der Inhalt der Website, einschlie\u00dflich Texte, Bilder, Logos, Videos usw., ist Eigentum von QUALORMA SL oder seinen Inhaltanbietern und ist durch geistige Eigentumsgesetze gesch\u00fctzt.<br \/>\nJede unbefugte Nutzung des Inhalts ist untersagt.<\/p>\n<p><strong>4. Verwendung personenbezogener Daten:<\/strong><\/p>\n<p>Personenbezogene Daten, die auf dieser Website erhoben werden, werden gem\u00e4\u00df unserer Datenschutzrichtlinie verarbeitet.<\/p>\n<p>Die Nutzung der Website https:\/\/mallorquad.com\/ setzt die vollst\u00e4ndige und bedingungslose Annahme der nachstehenden allgemeinen Nutzungsbedingungen voraus. Diese Nutzungsbedingungen k\u00f6nnen jederzeit ge\u00e4ndert oder erg\u00e4nzt werden. Daher werden die Benutzer der Website https:\/\/mallorquad.com\/ ermutigt, diese regelm\u00e4\u00dfig zu konsultieren.<\/p>\n<p>Normalerweise k\u00f6nnen Benutzer jederzeit auf diese Website zugreifen. https:\/\/mallorquad.com\/ kann jedoch aus Gr\u00fcnden der technischen Wartung beschlie\u00dfen, sie zu unterbrechen. In diesem Fall wird https:\/\/mallorquad.com\/ bem\u00fcht sein, den Benutzern die Termine und Uhrzeiten des Eingriffs im Voraus mitzuteilen.<\/p>\n<p>Die Website https:\/\/mallorquad.com\/ wird regelm\u00e4\u00dfig von https:\/\/mallorquad.com\/, dem Website-Administrator, aktualisiert. Ebenso k\u00f6nnen rechtliche Hinweise jederzeit ge\u00e4ndert werden. Es ist jedoch wichtig zu beachten, dass diese \u00c4nderungen f\u00fcr den Benutzer verbindlich sind, der eingeladen wird, die rechtlichen Hinweise so oft wie m\u00f6glich zu konsultieren, um \u00fcber m\u00f6gliche \u00c4nderungen informiert zu bleiben.<\/p>\n<p><strong>5. Beschreibung der angebotenen Dienstleistungen:<\/strong><\/p>\n<p>Die Website https:\/\/mallorquad.com\/ hat zum Ziel, Informationen zu allen Unternehmensaktivit\u00e4ten bereitzustellen.<\/p>\n<p>https:\/\/mallorquad.com\/ verpflichtet sich, auf der Website https:\/\/mallorquad.com\/ so genaue Informationen wie m\u00f6glich bereitzustellen. Es ist jedoch nicht f\u00fcr Auslassungen, Ungenauigkeiten und L\u00fccken bei der Aktualisierung verantwortlich, sei es in eigenem Namen oder im Namen von Drittpartnern, die diese Informationen bereitstellen.<\/p>\n<p>Alle auf der Website https:\/\/mallorquad.com\/ pr\u00e4sentierten Informationen dienen ausschlie\u00dflich Informationszwecken und k\u00f6nnen sich \u00e4ndern. Dar\u00fcber hinaus sind die auf der Website https:\/\/mallorquad.com\/ angezeigten Daten nicht ersch\u00f6pfend und unterliegen \u00c4nderungen, die seit ihrer erstmaligen Ver\u00f6ffentlichung vorgenommen wurden.<\/p>\n<p><strong>6. Vertragliche Einschr\u00e4nkungen f\u00fcr technische Daten:<\/strong><\/p>\n<p>Die Website verwendet die JavaScript-Technologie.<\/p>\n<p>Die Website lehnt jede Haftung f\u00fcr Sachsch\u00e4den im Zusammenhang mit der Nutzung der Website ab. Dar\u00fcber hinaus verpflichtet sich der Benutzer, auf die Website mit aktuellen, virenfreien Ger\u00e4ten und einem aktuellen Browser der neuesten Generation zuzugreifen.<\/p>\n<p>Die Website https:\/\/mallorquad.com\/ wird von einem Dienstleister gehostet, der sich im Gebiet der Europ\u00e4ischen Union befindet, gem\u00e4\u00df den Bestimmungen der Datenschutz-Grundverordnung (DSGVO: Nr. 2016-679).<\/p>\n<p>Ziel ist es, einen Service mit der bestm\u00f6glichen Zug\u00e4nglichkeitsrate bereitzustellen. Der Gastgeber verpflichtet sich, die Kontinuit\u00e4t seines Dienstes 24 Stunden am Tag, an allen Tagen des Jahres, aufrechtzuerhalten. Er beh\u00e4lt sich jedoch das Recht vor, den Hosting-Dienst f\u00fcr m\u00f6glichst kurze Zeitr\u00e4ume zu unterbrechen, insbesondere um Wartungsarbeiten durchzuf\u00fchren, seine Infrastruktur zu verbessern, technische Ausf\u00e4lle zu beheben oder im Falle eines als abnormal angesehenen Verkehrs.<\/p>\n<p>https:\/\/mallorquad.com\/ und der Gastgeber \u00fcbernehmen keine Verantwortung f\u00fcr einen Ausfall des Internetnetzwerks, der Telefonleitungen oder der Computer- und Telefonanlagen, insbesondere bei einer Netz\u00fcberlastung, die den Zugriff auf den Server verhindert.<\/p>\n\t\t\t\t\t\t\t\t<\/div>\n\t\t\t\t<\/div>\n\t\t\t\t\t<\/div>\n\t\t<\/div>\n\t\t\t\t\t<\/div>\n\t\t<\/section>\n\t\t\t\t<\/div>\n\t\t","protected":false},"excerpt":{"rendered":"<p>RechtlicheHinweise 1. Website-Administrator: QUALORMA SL &#8211; B16575185 C\/DINAMARCA 7, 07015 PALMA DE MALLORCA +(34) 635.591.627 contact@mallorquad.com 2. Hosting: Die Website wird gehostet bei: HOSTINGER 61 Lordou Vironos Street 6023 Larnaca, Zypern 3. Geistiges Eigentum: Der Inhalt der Website, einschlie\u00dflich Texte, Bilder, Logos, Videos usw., ist Eigentum von QUALORMA SL oder seinen Inhaltanbietern und ist durch [&hellip;]<\/p>\n","protected":false},"author":1,"featured_media":0,"parent":0,"menu_order":0,"comment_status":"closed","ping_status":"closed","template":"","meta":{"footnotes":""},"tags":[125],"class_list":["post-5222","page","type-page","status-publish","hentry","tag-header-dark-de"],"yoast_head":"<!-- This site is optimized with the Yoast SEO plugin v26.2 - https:\/\/yoast.com\/wordpress\/plugins\/seo\/ -->\n<title>Rechtliche Hinweise - Mallorquad<\/title>\n<meta name=\"robots\" content=\"index, follow, max-snippet:-1, max-image-preview:large, max-video-preview:-1\" \/>\n<link rel=\"canonical\" href=\"https:\/\/mallorquad.com\/de\/rechtliche-hinweise\/\" \/>\n<meta property=\"og:locale\" content=\"de_DE\" \/>\n<meta property=\"og:type\" content=\"article\" \/>\n<meta property=\"og:title\" content=\"Rechtliche Hinweise - Mallorquad\" \/>\n<meta property=\"og:description\" content=\"RechtlicheHinweise 1. Website-Administrator: QUALORMA SL &#8211; B16575185 C\/DINAMARCA 7, 07015 PALMA DE MALLORCA +(34) 635.591.627 contact@mallorquad.com 2. Hosting: Die Website wird gehostet bei: HOSTINGER 61 Lordou Vironos Street 6023 Larnaca, Zypern 3. Geistiges Eigentum: Der Inhalt der Website, einschlie\u00dflich Texte, Bilder, Logos, Videos usw., ist Eigentum von QUALORMA SL oder seinen Inhaltanbietern und ist durch [&hellip;]\" \/>\n<meta property=\"og:url\" content=\"https:\/\/mallorquad.com\/de\/rechtliche-hinweise\/\" \/>\n<meta property=\"og:site_name\" content=\"Mallorquad\" \/>\n<meta property=\"article:modified_time\" content=\"2024-11-26T04:57:20+00:00\" \/>\n<meta property=\"og:image\" content=\"https:\/\/mallorquad.com\/wp-content\/uploads\/2023\/11\/Mallorquad-circuit-coucher-de-soleil-002.webp\" \/>\n\t<meta property=\"og:image:width\" content=\"1920\" \/>\n\t<meta property=\"og:image:height\" content=\"1281\" \/>\n\t<meta property=\"og:image:type\" content=\"image\/webp\" \/>\n<meta name=\"twitter:card\" content=\"summary_large_image\" \/>\n<meta name=\"twitter:label1\" content=\"Gesch\u00e4tzte Lesezeit\" \/>\n\t<meta name=\"twitter:data1\" content=\"3\u00a0Minuten\" \/>\n<script type=\"application\/ld+json\" class=\"yoast-schema-graph\">{\"@context\":\"https:\/\/schema.org\",\"@graph\":[{\"@type\":\"WebPage\",\"@id\":\"https:\/\/mallorquad.com\/de\/rechtliche-hinweise\/\",\"url\":\"https:\/\/mallorquad.com\/de\/rechtliche-hinweise\/\",\"name\":\"Rechtliche Hinweise - Mallorquad\",\"isPartOf\":{\"@id\":\"https:\/\/mallorquad.com\/de\/#website\"},\"primaryImageOfPage\":{\"@id\":\"https:\/\/mallorquad.com\/de\/rechtliche-hinweise\/#primaryimage\"},\"image\":{\"@id\":\"https:\/\/mallorquad.com\/de\/rechtliche-hinweise\/#primaryimage\"},\"thumbnailUrl\":\"https:\/\/mallorquad.com\/wp-content\/uploads\/2023\/11\/Mallorquad-circuit-coucher-de-soleil-002.webp\",\"datePublished\":\"2022-06-09T15:28:55+00:00\",\"dateModified\":\"2024-11-26T04:57:20+00:00\",\"breadcrumb\":{\"@id\":\"https:\/\/mallorquad.com\/de\/rechtliche-hinweise\/#breadcrumb\"},\"inLanguage\":\"de\",\"potentialAction\":[{\"@type\":\"ReadAction\",\"target\":[\"https:\/\/mallorquad.com\/de\/rechtliche-hinweise\/\"]}]},{\"@type\":\"ImageObject\",\"inLanguage\":\"de\",\"@id\":\"https:\/\/mallorquad.com\/de\/rechtliche-hinweise\/#primaryimage\",\"url\":\"https:\/\/mallorquad.com\/wp-content\/uploads\/2023\/11\/Mallorquad-circuit-coucher-de-soleil-002.webp\",\"contentUrl\":\"https:\/\/mallorquad.com\/wp-content\/uploads\/2023\/11\/Mallorquad-circuit-coucher-de-soleil-002.webp\"},{\"@type\":\"BreadcrumbList\",\"@id\":\"https:\/\/mallorquad.com\/de\/rechtliche-hinweise\/#breadcrumb\",\"itemListElement\":[{\"@type\":\"ListItem\",\"position\":1,\"name\":\"Home\",\"item\":\"https:\/\/mallorquad.com\/de\/startseite\/\"},{\"@type\":\"ListItem\",\"position\":2,\"name\":\"Rechtliche Hinweise\"}]},{\"@type\":\"WebSite\",\"@id\":\"https:\/\/mallorquad.com\/de\/#website\",\"url\":\"https:\/\/mallorquad.com\/de\/\",\"name\":\"Mallorquad\",\"description\":\"Location quad Mallorca\",\"potentialAction\":[{\"@type\":\"SearchAction\",\"target\":{\"@type\":\"EntryPoint\",\"urlTemplate\":\"https:\/\/mallorquad.com\/de\/?s={search_term_string}\"},\"query-input\":{\"@type\":\"PropertyValueSpecification\",\"valueRequired\":true,\"valueName\":\"search_term_string\"}}],\"inLanguage\":\"de\"}]}<\/script>\n<!-- \/ Yoast SEO plugin. -->","yoast_head_json":{"title":"Rechtliche Hinweise - Mallorquad","robots":{"index":"index","follow":"follow","max-snippet":"max-snippet:-1","max-image-preview":"max-image-preview:large","max-video-preview":"max-video-preview:-1"},"canonical":"https:\/\/mallorquad.com\/de\/rechtliche-hinweise\/","og_locale":"de_DE","og_type":"article","og_title":"Rechtliche Hinweise - Mallorquad","og_description":"RechtlicheHinweise 1. Website-Administrator: QUALORMA SL &#8211; B16575185 C\/DINAMARCA 7, 07015 PALMA DE MALLORCA +(34) 635.591.627 contact@mallorquad.com 2. Hosting: Die Website wird gehostet bei: HOSTINGER 61 Lordou Vironos Street 6023 Larnaca, Zypern 3. Geistiges Eigentum: Der Inhalt der Website, einschlie\u00dflich Texte, Bilder, Logos, Videos usw., ist Eigentum von QUALORMA SL oder seinen Inhaltanbietern und ist durch [&hellip;]","og_url":"https:\/\/mallorquad.com\/de\/rechtliche-hinweise\/","og_site_name":"Mallorquad","article_modified_time":"2024-11-26T04:57:20+00:00","og_image":[{"width":1920,"height":1281,"url":"https:\/\/mallorquad.com\/wp-content\/uploads\/2023\/11\/Mallorquad-circuit-coucher-de-soleil-002.webp","type":"image\/webp"}],"twitter_card":"summary_large_image","twitter_misc":{"Gesch\u00e4tzte Lesezeit":"3\u00a0Minuten"},"schema":{"@context":"https:\/\/schema.org","@graph":[{"@type":"WebPage","@id":"https:\/\/mallorquad.com\/de\/rechtliche-hinweise\/","url":"https:\/\/mallorquad.com\/de\/rechtliche-hinweise\/","name":"Rechtliche Hinweise - Mallorquad","isPartOf":{"@id":"https:\/\/mallorquad.com\/de\/#website"},"primaryImageOfPage":{"@id":"https:\/\/mallorquad.com\/de\/rechtliche-hinweise\/#primaryimage"},"image":{"@id":"https:\/\/mallorquad.com\/de\/rechtliche-hinweise\/#primaryimage"},"thumbnailUrl":"https:\/\/mallorquad.com\/wp-content\/uploads\/2023\/11\/Mallorquad-circuit-coucher-de-soleil-002.webp","datePublished":"2022-06-09T15:28:55+00:00","dateModified":"2024-11-26T04:57:20+00:00","breadcrumb":{"@id":"https:\/\/mallorquad.com\/de\/rechtliche-hinweise\/#breadcrumb"},"inLanguage":"de","potentialAction":[{"@type":"ReadAction","target":["https:\/\/mallorquad.com\/de\/rechtliche-hinweise\/"]}]},{"@type":"ImageObject","inLanguage":"de","@id":"https:\/\/mallorquad.com\/de\/rechtliche-hinweise\/#primaryimage","url":"https:\/\/mallorquad.com\/wp-content\/uploads\/2023\/11\/Mallorquad-circuit-coucher-de-soleil-002.webp","contentUrl":"https:\/\/mallorquad.com\/wp-content\/uploads\/2023\/11\/Mallorquad-circuit-coucher-de-soleil-002.webp"},{"@type":"BreadcrumbList","@id":"https:\/\/mallorquad.com\/de\/rechtliche-hinweise\/#breadcrumb","itemListElement":[{"@type":"ListItem","position":1,"name":"Home","item":"https:\/\/mallorquad.com\/de\/startseite\/"},{"@type":"ListItem","position":2,"name":"Rechtliche Hinweise"}]},{"@type":"WebSite","@id":"https:\/\/mallorquad.com\/de\/#website","url":"https:\/\/mallorquad.com\/de\/","name":"Mallorquad","description":"Location quad Mallorca","potentialAction":[{"@type":"SearchAction","target":{"@type":"EntryPoint","urlTemplate":"https:\/\/mallorquad.com\/de\/?s={search_term_string}"},"query-input":{"@type":"PropertyValueSpecification","valueRequired":true,"valueName":"search_term_string"}}],"inLanguage":"de"}]}},"_links":{"self":[{"href":"https:\/\/mallorquad.com\/de\/wp-json\/wp\/v2\/pages\/5222","targetHints":{"allow":["GET"]}}],"collection":[{"href":"https:\/\/mallorquad.com\/de\/wp-json\/wp\/v2\/pages"}],"about":[{"href":"https:\/\/mallorquad.com\/de\/wp-json\/wp\/v2\/types\/page"}],"author":[{"embeddable":true,"href":"https:\/\/mallorquad.com\/de\/wp-json\/wp\/v2\/users\/1"}],"replies":[{"embeddable":true,"href":"https:\/\/mallorquad.com\/de\/wp-json\/wp\/v2\/comments?post=5222"}],"version-history":[{"count":1,"href":"https:\/\/mallorquad.com\/de\/wp-json\/wp\/v2\/pages\/5222\/revisions"}],"predecessor-version":[{"id":26021,"href":"https:\/\/mallorquad.com\/de\/wp-json\/wp\/v2\/pages\/5222\/revisions\/26021"}],"wp:attachment":[{"href":"https:\/\/mallorquad.com\/de\/wp-json\/wp\/v2\/media?parent=5222"}],"wp:term":[{"taxonomy":"post_tag","embeddable":true,"href":"https:\/\/mallorquad.com\/de\/wp-json\/wp\/v2\/tags?post=5222"}],"curies":[{"name":"wp","href":"https:\/\/api.w.org\/{rel}","templated":true}]}}